{"id":23028,"date":"2024-12-06T13:00:54","date_gmt":"2024-12-06T13:00:54","guid":{"rendered":"https:\/\/www.nationalparks.ie\/accessibility\/"},"modified":"2025-10-01T12:40:45","modified_gmt":"2025-10-01T11:40:45","slug":"accessibility","status":"publish","type":"page","link":"https:\/\/www.nationalparks.ie\/ga\/accessibility\/","title":{"rendered":"Accessibility"},"content":{"rendered":"\n\n<!--#section-hero\" -->\n<section id=\"block_ccfabb34a7205fd80e8c65cf28bf3184\" class=\"section-hero section-hero-park section-first bg-color-grey bg-img wow fadeInDown\" style=\"background-image:url(https:\/\/www.nationalparks.ie\/app\/uploads\/2022\/04\/02_Main-Header_Killarney-National-Park-scaled-1.jpg); background-attachment:fixed; background-size: cover;\">\n\t<div class=\"container-fluid px-0 mx-0 d-flex flex-column justify-content-center\">\n\t\t\t\t<div class=\"row m-auto\">\n\t\t\t<div class=\"col-12\">\n\t\t\t\t<h1 class=\"wow fadeIn\" data-wow-delay=\"0.75s\">\n\t\t\t\t\t<a href=\"\/\">\n\t\t\t\t\t\t<img decoding=\"async\" src=\"\/app\/uploads\/2022\/02\/np-logo-icon.png\" alt=\"National Parks\" \/>\n\t\t\t\t\t<\/a>\n\t\t\t\t<\/h1>\n\t\t\t<\/div>\n\t\t<\/div>\n\t\t<div class=\"section-menu pt-4 bg-color-navy px-2 px-lg-0 wow fadeInUp\" data-wow-delay=\"1s\">\n\t\t\t\t\t\t\t<div class=\"row\">\n\t\t\t\t<div class=\"col-10 col-sm-5 col-lg-4\">\n\t\t\t\t\t<div class=\"ps-lg-3 d-flex align-items-center\">\n\t\t\t\t\t\t\n\t\t\t\t\t\t<button class=\"navbar-toggler navbar-toggler-right collapsed p-3 p-lg-4\" type=\"button\" data-bs-toggle=\"collapse\" data-bs-target=\"#navbarResponsive\" aria-controls=\"navbarResponsive\" aria-expanded=\"false\" aria-label=\"Toggle navigation\">\n\t\t\t\t\t\t\t<span class=\"icon-bar top-bar bg-color-chartreuse\"><\/span>\n\t\t\t\t\t\t\t<!--<span class=\"icon-bar middle-bar bg-color-chartreuse\"><\/span>-->\n\t\t\t\t\t\t\t<span class=\"icon-bar bottom-bar bg-color-chartreuse\"><\/span>\t\n\t\t\t\t\t\t<\/button>\n\t\t\t\t\t\t\n\t\t\t\t\t\t<h1 class=\"h4 is-inside-park\">\n\t\t\t\t\t\t\t<a class=\"color-white text-decoration-none\" href=\"\/\">\n\t\t\t\t\t\t\t\t<span lang=\"ga-IE\">P\u00e1irceanna N\u00e1isi\u00fanta <\/span> <br\/>\n\t\t\t\t\t\t\t\t<span class=\"color-chartreuse\" lang=\"en-US\">National Parks<\/span>\n\t\t\t\t\t\t\t<\/a>\n\t\t\t\t\t\t<\/h1>\n\t\t\t\t\t\t\n\t\t\t\t\t<\/div>\n\t\t\t\t<\/div>\t\t\t\n\t\t\t\t<div class=\"col-2 col-lg-8 px-lg-0\">\n\t\t\t\t\t<div class=\"info-box font-family-gibson-300 h-100 color-white d-flex justify-content-end align-items-center py-0 px-lg-0 me-lg-5\">\n\t\t\t\t\t\t\t\t\t\t\t\t\t\t\t\t\n\t\t\t\t\t\t<div class=\"d-none d-lg-flex align-items-center weather-box me-5 py-2\">\n\t\t\t\t\t\t\t<span class=\"font-size-body-small\">\t\t\t\t\t\t\t\t\n\t\t\t\t\t\t\t\tGhleann Bheatha 9\t\t\t\t\t\t\t\t \u00b0C\n\t\t\t\t\t\t\t<\/span>  \n\t\t\t\t\t\t\t<img decoding=\"async\" class=\"weather-icon me-1 ms-3\" style=\"height:24px;\" src=\"\/app\/themes\/NationalParks\/resources\/assets\/images\/weather_icons\/light_icons\/15d.png\" alt=\"\" \/> \n\t\t\t\t\t\t\t<span class=\"weather-description font-size-body-small me-1\">Fog \/ Mist<\/span>\n\t\t\t\t\t\t<\/div>\n\n\t\t\t\t\t\t<img decoding=\"async\" class=\"d-block\" src=\"https:\/\/www.nationalparks.ie\/app\/uploads\/2022\/02\/cropped-np-logo-icon.png\" alt=\"National Parks logo\" style=\"max-width:75px;\" \/>\n\t\t\t\t\t<\/div>\n\t\t\t\t<\/div>\n\t\t\t<\/div>\n\t\t\t\t\t\t\n\t\t\t<!--\n\t\t\t\t\t\t\t<ul class=\"park-nav mt-4 mb-0 px-0\">\n\t\t\t\t\t<li class=\"page_item\"><a href=\"\/glenveagh\/nature-conservation\/\">Nature &amp; Conservation<\/a><\/li>\n\t\t\t\t\t<li class=\"page_item\"><a href=\"\/glenveagh\/things-to-do\/\">Things To Do<\/a><\/li>\n\t\t\t\t\t<li class=\"page_item\"><a href=\"\/glenveagh\/learn\/\">Learn<\/a><\/li>\n\t\t\t\t\t<li class=\"page_item\"><a href=\"\/glenveagh\/about-us\/\">About us<\/a><\/li>\n\t\t\t\t\t<li class=\"page_item\"><a href=\"\/glenveagh\/contact\/\">Contact<\/a><\/li>\n\t\t\t\t<\/ul>\n\t\t\t\t\t\t\t<ul class=\"park-nav mt-4 mb-0 px-0\">\n\t\t\t\t\t<li class=\"page_item\"><a href=\"\/glenveagh\/nature-conservation\/\">An D\u00falra & Caomhn\u00fa<\/a><\/li>\n\t\t\t\t\t<li class=\"page_item\"><a href=\"\/glenveagh\/things-to-do\/\">Ruda\u00ed le d\u00e9anamh<\/a><\/li>\n\t\t\t\t\t<li class=\"page_item\"><a href=\"\/glenveagh\/learn\/\">Foghlaim<\/a><\/li>\n\t\t\t\t\t<li class=\"page_item\"><a href=\"\/glenveagh\/about-us\/\">F\u00fainn<\/a><\/li>\n\t\t\t\t\t<li class=\"page_item\"><a href=\"\/glenveagh\/contact\/\">Teagmh\u00e1il Linn<\/a><\/li>\n\t\t\t\t<\/ul>\n\t\t\t\t\t\t-->\n\t\t<\/div>\n\t<\/div>\n<\/section>\n<section class=\"wp-block-group section-privacy py-5 bg-color-wine color-white is-layout-constrained wp-block-group-is-layout-constrained\">\n<div class=\"wp-block-group container is-layout-constrained wp-block-group-is-layout-constrained\">\n<h1 class=\"wp-block-heading mb-4\">Accessibility<\/h1>\n\n\n\n<h2 class=\"wp-block-heading\">National Parks Website<\/h2>\n\n\n\n<p>The Department of Housing, Local Government and Heritage is the Government Department responsible for housing and water, for physical and spatial planning, for local government, for weather forecasting and for built and natural heritage.<\/p>\n\n\n\n<p>The Department is committed to ensuring access for all. This accessibility statement explains how the Department, as the Service Provider, will endeavour to meet the requirements as set out in the Web Content Accessibility Guidelines Version 2.2 at AA Level as defined by the Web Accessibility Initiative.<\/p>\n\n\n\n<h3 class=\"wp-block-heading\"><strong>Our commitment and approach to maintaining an accessible website<\/strong><\/h3>\n\n\n\n<p>The Department is committed to:<\/p>\n\n\n\n<ul class=\"wp-block-list\">\n<li><strong>Maintaining an accessible website<\/strong>\u00a0in accordance with the\u00a0<a class=\"color-white\" href=\"https:\/\/www.irishstatutebook.ie\/eli\/2020\/si\/358\/made\/en\/print\">European Union (Accessibility of Websites and Mobile Applications of Public Sector Bodies) Regulations.<\/a><\/li>\n\n\n\n<li>Ensuring that this website achieves \u201cLevel AA\u201d conformance to the Web Content Accessibility Guidelines (WCAG) 2.1, to comply with the National Disability Authority\u2019s Code of Practice on Accessibility of Public Services and Information Provided by Public Bodies. (The National Disability Authority\u2019s Centre for Excellence in Universal Design has an introduction to policy and legislation relevant to Universal Design in Ireland.)<\/li>\n\n\n\n<li>Ensuring that all new information on the website will achieve \u201cLevel AA\u201d conformance to the Web Content<br\/>Accessibility Guidelines (WCAG) 2.2.<\/li>\n\n\n\n<li><strong>Including accessibility when we procure<\/strong>\u00a03rd-party systems or upgrades to existing systems.<\/li>\n<\/ul>\n\n\n\n<h3 class=\"wp-block-heading\"><strong>How we test for conformance with official accessibility guidelines<\/strong><\/h3>\n\n\n\n<p>The Department uses a range of techniques to help providing access for all. They include:<\/p>\n\n\n\n<ul class=\"wp-block-list\">\n<li>Automated Scanning: This provides a quick (but not complete) overview of issues that persons may encounter<\/li>\n\n\n\n<li>Guidance: Provision of guidance to content editors such as using Alternate Text<\/li>\n\n\n\n<li>Manual Review: Regularly performing manual review of each site and adjusting the site to help improve accessibility<\/li>\n<\/ul>\n\n\n\n<h3 class=\"wp-block-heading\"><strong>This website\u2019s conformance with official accessibility guidelines<\/strong><\/h3>\n\n\n\n<p>The website currently has\u00a0<strong>partial<\/strong> conformance to the Web Content Accessibility Guidelines (WCAG) 2.1 aa AA. Our most recent web accessibility audit for this website was on 29\/09\/2025.<\/p>\n\n\n\n<h3 class=\"wp-block-heading\"><strong>Areas for improvement and time-lines<\/strong><\/h3>\n\n\n\n<p>We are aware of some areas on the website where we could improve accessibility. We are currently working to achieve this.<\/p>\n\n\n\n<p>Areas for improvement, time-lines for improvement, and alternatives:<\/p>\n\n\n\n<ul class=\"wp-block-list\">\n<li>Some PDF Document issues site wide. Future improvements<\/li>\n\n\n\n<li>The hamburger menu is difficult for users to locate. Future improvements<\/li>\n\n\n\n<li>Some video have no audio descriptions. Ongoing improvements<\/li>\n\n\n\n<li>Image of text used in the post section.<\/li>\n\n\n\n<li>The status error messages programmatically no readable.<\/li>\n\n\n\n<li>Some links and buttons are not very descriptive. Future improvements<\/li>\n\n\n\n<li>Some content remains unreadable at smaller screen widths. Fix needed <\/li>\n\n\n\n<li>Improve text-to-background contrast. Future improvements<\/li>\n<\/ul>\n\n\n\n<p>If you have problems using certain sections of this site, call us on 01 888 3200<\/p>\n\n\n\n<h3 class=\"wp-block-heading\"><strong>How to send feedback on this website\u2019s accessibility<\/strong><\/h3>\n\n\n\n<p>We welcome feedback on the accessibility of this website.<\/p>\n\n\n\n<ul class=\"wp-block-list\">\n<li>Email us at <a class=\"color-white\" href=\"mailto:natureconservation@npws.gov.ie\">natureconservation@npws.gov.ie<\/a><\/li>\n\n\n\n<li>Phone us on 01 888 3200.<\/li>\n\n\n\n<li>Write to us at:<\/li>\n<\/ul>\n\n\n\n<p>Department of Housing, Local Government and Heritage, National Parks &amp; Service, Custom House, Dublin 1, D01 W6X0<\/p>\n\n\n\n<h3 class=\"wp-block-heading\"><strong>Accessibility features of this website<\/strong><\/h3>\n\n\n\n<p>A large number of techniques are used to enable the site become accessible for all. The process is ongoing as content changes and the structure of the site changes. Some of the accessible features on this site include (but not limited to) the following:<\/p>\n\n\n\n<h4 class=\"wp-block-heading\" style=\"text-transform:none\">Accessibility Features<\/h4>\n\n\n\n<ul class=\"wp-block-list\">\n<li>Alt Text: All Images where appropriate have suitable Alt text to provide a descriptive element to the image portrayed<\/li>\n\n\n\n<li>Heading Outline Hierarchy: Logical sense applied to headings where possible H1, H2, H3<\/li>\n\n\n\n<li>Descriptive Links: Links and Buttons have descriptive elements or Aria labels where those elements are cannot be provided<\/li>\n\n\n\n<li>Contrast: Reasonable minimums in difference with relation to contrast between foreground elements and background elements<\/li>\n\n\n\n<li>Navigability: Logical structure applied to the website to ensure the site can be used without a mouse<\/li>\n\n\n\n<li>ARIA Landmarks: A large variety of aria- landmarks applied to aid in accessibility<\/li>\n<\/ul>\n\n\n\n<p>This list is not exhaustive.<\/p>\n<\/div>\n<\/section>\n","protected":false},"excerpt":{"rendered":"<p>Accessibility National Parks Website The Department of Housing, Local Government and Heritage is the Government Department responsible for housing and water, for physical and spatial planning, for local government, for weather forecasting and for built and natural heritage. The Department is committed to ensuring access for all. This accessibility statement explains how the Department, as<\/p>\n","protected":false},"author":2,"featured_media":0,"parent":0,"menu_order":0,"comment_status":"closed","ping_status":"closed","template":"","meta":{"_acf_changed":false,"_uag_custom_page_level_css":"","footnotes":""},"class_list":["post-23028","page","type-page","status-publish","hentry"],"acf":[],"yoast_head":"<!-- This site is optimized with the Yoast SEO plugin v27.4 - https:\/\/yoast.com\/product\/yoast-seo-wordpress\/ -->\n<title>Accessibility - National Parks of Ireland<\/title>\n<meta name=\"robots\" content=\"index, follow, max-snippet:-1, max-image-preview:large, max-video-preview:-1\" \/>\n<link rel=\"canonical\" href=\"https:\/\/www.nationalparks.ie\/ga\/accessibility\/\" \/>\n<meta property=\"og:locale\" content=\"ga_IE\" \/>\n<meta property=\"og:type\" content=\"article\" \/>\n<meta property=\"og:title\" content=\"Accessibility - National Parks of Ireland\" \/>\n<meta property=\"og:description\" content=\"Accessibility National Parks Website The Department of Housing, Local Government and Heritage is the Government Department responsible for housing and water, for physical and spatial planning, for local government, for weather forecasting and for built and natural heritage. The Department is committed to ensuring access for all. This accessibility statement explains how the Department, as\" \/>\n<meta property=\"og:url\" content=\"https:\/\/www.nationalparks.ie\/ga\/accessibility\/\" \/>\n<meta property=\"og:site_name\" content=\"National Parks of Ireland\" \/>\n<meta property=\"article:modified_time\" content=\"2025-10-01T11:40:45+00:00\" \/>\n<meta name=\"twitter:card\" content=\"summary_large_image\" \/>\n<meta name=\"twitter:label1\" content=\"Est. reading time\" \/>\n\t<meta name=\"twitter:data1\" content=\"3 minutes\" \/>\n<script type=\"application\/ld+json\" class=\"yoast-schema-graph\">{\"@context\":\"https:\\\/\\\/schema.org\",\"@graph\":[{\"@type\":\"WebPage\",\"@id\":\"https:\\\/\\\/www.nationalparks.ie\\\/ga\\\/accessibility\\\/\",\"url\":\"https:\\\/\\\/www.nationalparks.ie\\\/ga\\\/accessibility\\\/\",\"name\":\"Accessibility - National Parks of Ireland\",\"isPartOf\":{\"@id\":\"https:\\\/\\\/www.nationalparks.ie\\\/ga\\\/#website\"},\"datePublished\":\"2024-12-06T13:00:54+00:00\",\"dateModified\":\"2025-10-01T11:40:45+00:00\",\"breadcrumb\":{\"@id\":\"https:\\\/\\\/www.nationalparks.ie\\\/ga\\\/accessibility\\\/#breadcrumb\"},\"inLanguage\":\"ga-IE\",\"potentialAction\":[{\"@type\":\"ReadAction\",\"target\":[\"https:\\\/\\\/www.nationalparks.ie\\\/ga\\\/accessibility\\\/\"]}]},{\"@type\":\"BreadcrumbList\",\"@id\":\"https:\\\/\\\/www.nationalparks.ie\\\/ga\\\/accessibility\\\/#breadcrumb\",\"itemListElement\":[{\"@type\":\"ListItem\",\"position\":1,\"name\":\"Home\",\"item\":\"https:\\\/\\\/www.nationalparks.ie\\\/ga\\\/\"},{\"@type\":\"ListItem\",\"position\":2,\"name\":\"Accessibility\"}]},{\"@type\":\"WebSite\",\"@id\":\"https:\\\/\\\/www.nationalparks.ie\\\/ga\\\/#website\",\"url\":\"https:\\\/\\\/www.nationalparks.ie\\\/ga\\\/\",\"name\":\"National Parks of Ireland\",\"description\":\"Where Nature Speaks\",\"publisher\":{\"@id\":\"https:\\\/\\\/www.nationalparks.ie\\\/ga\\\/#organization\"},\"potentialAction\":[{\"@type\":\"SearchAction\",\"target\":{\"@type\":\"EntryPoint\",\"urlTemplate\":\"https:\\\/\\\/www.nationalparks.ie\\\/ga\\\/?s={search_term_string}\"},\"query-input\":{\"@type\":\"PropertyValueSpecification\",\"valueRequired\":true,\"valueName\":\"search_term_string\"}}],\"inLanguage\":\"ga-IE\"},{\"@type\":\"Organization\",\"@id\":\"https:\\\/\\\/www.nationalparks.ie\\\/ga\\\/#organization\",\"name\":\"National Parks of Ireland\",\"url\":\"https:\\\/\\\/www.nationalparks.ie\\\/ga\\\/\",\"logo\":{\"@type\":\"ImageObject\",\"inLanguage\":\"ga-IE\",\"@id\":\"https:\\\/\\\/www.nationalparks.ie\\\/ga\\\/#\\\/schema\\\/logo\\\/image\\\/\",\"url\":\"https:\\\/\\\/www.nationalparks.ie\\\/app\\\/uploads\\\/2022\\\/02\\\/np-logo-icon.png\",\"contentUrl\":\"https:\\\/\\\/www.nationalparks.ie\\\/app\\\/uploads\\\/2022\\\/02\\\/np-logo-icon.png\",\"width\":97,\"height\":90,\"caption\":\"National Parks of Ireland\"},\"image\":{\"@id\":\"https:\\\/\\\/www.nationalparks.ie\\\/ga\\\/#\\\/schema\\\/logo\\\/image\\\/\"}}]}<\/script>\n<!-- \/ Yoast SEO plugin. -->","yoast_head_json":{"title":"Accessibility - National Parks of Ireland","robots":{"index":"index","follow":"follow","max-snippet":"max-snippet:-1","max-image-preview":"max-image-preview:large","max-video-preview":"max-video-preview:-1"},"canonical":"https:\/\/www.nationalparks.ie\/ga\/accessibility\/","og_locale":"ga_IE","og_type":"article","og_title":"Accessibility - National Parks of Ireland","og_description":"Accessibility National Parks Website The Department of Housing, Local Government and Heritage is the Government Department responsible for housing and water, for physical and spatial planning, for local government, for weather forecasting and for built and natural heritage. The Department is committed to ensuring access for all. This accessibility statement explains how the Department, as","og_url":"https:\/\/www.nationalparks.ie\/ga\/accessibility\/","og_site_name":"National Parks of Ireland","article_modified_time":"2025-10-01T11:40:45+00:00","twitter_card":"summary_large_image","twitter_misc":{"Est. reading time":"3 minutes"},"schema":{"@context":"https:\/\/schema.org","@graph":[{"@type":"WebPage","@id":"https:\/\/www.nationalparks.ie\/ga\/accessibility\/","url":"https:\/\/www.nationalparks.ie\/ga\/accessibility\/","name":"Accessibility - National Parks of Ireland","isPartOf":{"@id":"https:\/\/www.nationalparks.ie\/ga\/#website"},"datePublished":"2024-12-06T13:00:54+00:00","dateModified":"2025-10-01T11:40:45+00:00","breadcrumb":{"@id":"https:\/\/www.nationalparks.ie\/ga\/accessibility\/#breadcrumb"},"inLanguage":"ga-IE","potentialAction":[{"@type":"ReadAction","target":["https:\/\/www.nationalparks.ie\/ga\/accessibility\/"]}]},{"@type":"BreadcrumbList","@id":"https:\/\/www.nationalparks.ie\/ga\/accessibility\/#breadcrumb","itemListElement":[{"@type":"ListItem","position":1,"name":"Home","item":"https:\/\/www.nationalparks.ie\/ga\/"},{"@type":"ListItem","position":2,"name":"Accessibility"}]},{"@type":"WebSite","@id":"https:\/\/www.nationalparks.ie\/ga\/#website","url":"https:\/\/www.nationalparks.ie\/ga\/","name":"National Parks of Ireland","description":"Where Nature Speaks","publisher":{"@id":"https:\/\/www.nationalparks.ie\/ga\/#organization"},"potentialAction":[{"@type":"SearchAction","target":{"@type":"EntryPoint","urlTemplate":"https:\/\/www.nationalparks.ie\/ga\/?s={search_term_string}"},"query-input":{"@type":"PropertyValueSpecification","valueRequired":true,"valueName":"search_term_string"}}],"inLanguage":"ga-IE"},{"@type":"Organization","@id":"https:\/\/www.nationalparks.ie\/ga\/#organization","name":"National Parks of Ireland","url":"https:\/\/www.nationalparks.ie\/ga\/","logo":{"@type":"ImageObject","inLanguage":"ga-IE","@id":"https:\/\/www.nationalparks.ie\/ga\/#\/schema\/logo\/image\/","url":"https:\/\/www.nationalparks.ie\/app\/uploads\/2022\/02\/np-logo-icon.png","contentUrl":"https:\/\/www.nationalparks.ie\/app\/uploads\/2022\/02\/np-logo-icon.png","width":97,"height":90,"caption":"National Parks of Ireland"},"image":{"@id":"https:\/\/www.nationalparks.ie\/ga\/#\/schema\/logo\/image\/"}}]}},"spectra_custom_meta":{"_top_nav_excluded":[""],"_cms_nav_minihome":[""],"_last_translation_edit_mode":["translation-editor"],"_wp_page_template":[""],"_tribe_ticket_capacity":["0"],"_tribe_ticket_version":["5.21.0"],"_wpml_word_count":["723"],"_uag_css_file_name":["uag-css-23028.css"],"_uagb_previous_block_counts":["a:90:{s:21:\"uagb\/advanced-heading\";i:0;s:15:\"uagb\/blockquote\";i:0;s:12:\"uagb\/buttons\";i:0;s:18:\"uagb\/buttons-child\";i:0;s:19:\"uagb\/call-to-action\";i:0;s:15:\"uagb\/cf7-styler\";i:0;s:11:\"uagb\/column\";i:0;s:12:\"uagb\/columns\";i:0;s:14:\"uagb\/container\";i:0;s:21:\"uagb\/content-timeline\";i:0;s:27:\"uagb\/content-timeline-child\";i:0;s:14:\"uagb\/countdown\";i:0;s:12:\"uagb\/counter\";i:0;s:8:\"uagb\/faq\";i:0;s:14:\"uagb\/faq-child\";i:0;s:10:\"uagb\/forms\";i:0;s:17:\"uagb\/forms-accept\";i:0;s:19:\"uagb\/forms-checkbox\";i:0;s:15:\"uagb\/forms-date\";i:0;s:16:\"uagb\/forms-email\";i:0;s:17:\"uagb\/forms-hidden\";i:0;s:15:\"uagb\/forms-name\";i:0;s:16:\"uagb\/forms-phone\";i:0;s:16:\"uagb\/forms-radio\";i:0;s:17:\"uagb\/forms-select\";i:0;s:19:\"uagb\/forms-textarea\";i:0;s:17:\"uagb\/forms-toggle\";i:0;s:14:\"uagb\/forms-url\";i:0;s:14:\"uagb\/gf-styler\";i:0;s:15:\"uagb\/google-map\";i:0;s:11:\"uagb\/how-to\";i:0;s:16:\"uagb\/how-to-step\";i:0;s:9:\"uagb\/icon\";i:0;s:14:\"uagb\/icon-list\";i:0;s:20:\"uagb\/icon-list-child\";i:0;s:10:\"uagb\/image\";i:0;s:18:\"uagb\/image-gallery\";i:0;s:13:\"uagb\/info-box\";i:0;s:18:\"uagb\/inline-notice\";i:0;s:11:\"uagb\/lottie\";i:0;s:21:\"uagb\/marketing-button\";i:0;s:10:\"uagb\/modal\";i:0;s:18:\"uagb\/popup-builder\";i:0;s:16:\"uagb\/post-button\";i:0;s:18:\"uagb\/post-carousel\";i:0;s:17:\"uagb\/post-excerpt\";i:0;s:14:\"uagb\/post-grid\";i:0;s:15:\"uagb\/post-image\";i:0;s:17:\"uagb\/post-masonry\";i:0;s:14:\"uagb\/post-meta\";i:0;s:18:\"uagb\/post-taxonomy\";i:0;s:18:\"uagb\/post-timeline\";i:0;s:15:\"uagb\/post-title\";i:0;s:20:\"uagb\/restaurant-menu\";i:0;s:26:\"uagb\/restaurant-menu-child\";i:0;s:11:\"uagb\/review\";i:0;s:12:\"uagb\/section\";i:0;s:14:\"uagb\/separator\";i:0;s:11:\"uagb\/slider\";i:0;s:17:\"uagb\/slider-child\";i:0;s:17:\"uagb\/social-share\";i:0;s:23:\"uagb\/social-share-child\";i:0;s:16:\"uagb\/star-rating\";i:0;s:23:\"uagb\/sure-cart-checkout\";i:0;s:22:\"uagb\/sure-cart-product\";i:0;s:15:\"uagb\/sure-forms\";i:0;s:22:\"uagb\/table-of-contents\";i:0;s:9:\"uagb\/tabs\";i:0;s:15:\"uagb\/tabs-child\";i:0;s:18:\"uagb\/taxonomy-list\";i:0;s:9:\"uagb\/team\";i:0;s:16:\"uagb\/testimonial\";i:0;s:14:\"uagb\/wp-search\";i:0;s:19:\"uagb\/instagram-feed\";i:0;s:10:\"uagb\/login\";i:0;s:17:\"uagb\/loop-builder\";i:0;s:18:\"uagb\/loop-category\";i:0;s:20:\"uagb\/loop-pagination\";i:0;s:15:\"uagb\/loop-reset\";i:0;s:16:\"uagb\/loop-search\";i:0;s:14:\"uagb\/loop-sort\";i:0;s:17:\"uagb\/loop-wrapper\";i:0;s:13:\"uagb\/register\";i:0;s:19:\"uagb\/register-email\";i:0;s:24:\"uagb\/register-first-name\";i:0;s:23:\"uagb\/register-last-name\";i:0;s:22:\"uagb\/register-password\";i:0;s:30:\"uagb\/register-reenter-password\";i:0;s:19:\"uagb\/register-terms\";i:0;s:22:\"uagb\/register-username\";i:0;}"],"_uag_page_assets":["a:9:{s:3:\"css\";s:260:\".uag-blocks-common-selector{z-index:var(--z-index-desktop) !important}@media(max-width: 976px){.uag-blocks-common-selector{z-index:var(--z-index-tablet) !important}}@media(max-width: 767px){.uag-blocks-common-selector{z-index:var(--z-index-mobile) !important}}\";s:2:\"js\";s:0:\"\";s:18:\"current_block_list\";a:11:{i:0;s:22:\"acf\/park---hero-banner\";i:1;s:10:\"core\/group\";i:3;s:12:\"core\/heading\";i:4;s:14:\"core\/paragraph\";i:5;s:9:\"core\/list\";i:6;s:14:\"core\/list-item\";i:7;s:11:\"core\/search\";i:8;s:17:\"core\/latest-posts\";i:9;s:20:\"core\/latest-comments\";i:10;s:13:\"core\/archives\";i:11;s:15:\"core\/categories\";}s:8:\"uag_flag\";b:0;s:11:\"uag_version\";s:10:\"1777157534\";s:6:\"gfonts\";a:0:{}s:10:\"gfonts_url\";s:0:\"\";s:12:\"gfonts_files\";a:0:{}s:14:\"uag_faq_layout\";b:0;}"]},"uagb_featured_image_src":{"full":false,"thumbnail":false,"medium":false,"medium_large":false,"large":false,"1536x1536":false,"2048x2048":false,"gform-image-choice-sm":false,"gform-image-choice-md":false,"gform-image-choice-lg":false},"uagb_author_info":{"display_name":"Jose","author_link":"https:\/\/www.nationalparks.ie\/ga\/author\/jose\/"},"uagb_comment_info":0,"uagb_excerpt":"Accessibility National Parks Website The Department of Housing, Local Government and Heritage is the Government Department responsible for housing and water, for physical and spatial planning, for local government, for weather forecasting and for built and natural heritage. The Department is committed to ensuring access for all. This accessibility statement explains how the Department, as","_links":{"self":[{"href":"https:\/\/www.nationalparks.ie\/ga\/wp-json\/wp\/v2\/pages\/23028","targetHints":{"allow":["GET"]}}],"collection":[{"href":"https:\/\/www.nationalparks.ie\/ga\/wp-json\/wp\/v2\/pages"}],"about":[{"href":"https:\/\/www.nationalparks.ie\/ga\/wp-json\/wp\/v2\/types\/page"}],"author":[{"embeddable":true,"href":"https:\/\/www.nationalparks.ie\/ga\/wp-json\/wp\/v2\/users\/2"}],"replies":[{"embeddable":true,"href":"https:\/\/www.nationalparks.ie\/ga\/wp-json\/wp\/v2\/comments?post=23028"}],"version-history":[{"count":3,"href":"https:\/\/www.nationalparks.ie\/ga\/wp-json\/wp\/v2\/pages\/23028\/revisions"}],"predecessor-version":[{"id":25929,"href":"https:\/\/www.nationalparks.ie\/ga\/wp-json\/wp\/v2\/pages\/23028\/revisions\/25929"}],"wp:attachment":[{"href":"https:\/\/www.nationalparks.ie\/ga\/wp-json\/wp\/v2\/media?parent=23028"}],"curies":[{"name":"wp","href":"https:\/\/api.w.org\/{rel}","templated":true}]}}