{"id":6101,"date":"2022-04-08T11:55:01","date_gmt":"2022-04-08T10:55:01","guid":{"rendered":"https:\/\/www.nationalparks.ie\/wild-nephin\/contact\/"},"modified":"2025-03-03T14:19:12","modified_gmt":"2025-03-03T14:19:12","slug":"contact","status":"publish","type":"page","link":"https:\/\/www.nationalparks.ie\/ga\/wild-nephin\/contact\/","title":{"rendered":"Teagmh\u00e1il"},"content":{"rendered":"\n\n<!--#section-hero\" -->\n<section id=\"block_14b6d6d7fd3c7d2ef7f2c351186ae9ab\" class=\"section-hero section-hero-park section-first bg-color-grey bg-img \" style=\"background-image:url(https:\/\/www.nationalparks.ie\/app\/uploads\/2022\/08\/Rectangle-52.png); background-attachment:fixed; background-size: cover;\">\n\t<div class=\"container-fluid px-0 mx-0 d-flex flex-column justify-content-center\">\n\t\t\t\t\t\t<div class=\"row w-100 mt-auto m-lg-auto align-items-stretch\">\n\t\t\t<div class=\"d-none d-lg-block bg-color-beige\" style=\"border-right:1px solid #9C9494; width:100px; flex-basis:70px; \"><\/div>\n\t\t\t<div class=\"col\">\n\t\t\t\t<div class=\"row\">\n\t\t\t\t<div class=\"col-12 col-lg-6\">\n\t\t\t\t<div class=\"section-hero-text d-flex flex-column justify-content-start bg-color-beige px-2 px-lg-4 py-3 py-lg-4\">\t\t\t\t\t\n\t\t\t\t\t<!--<a href=\"\/\" style=\"position:absolute; left:1.5rem; top:1rem;\" class=\"section-menu__logo\">-->\n\t\t\t\t\t<a href=\"\/\" class=\"section-menu__logo\">\n\t\t\t\t\t\t<img decoding=\"async\" src=\"\/app\/themes\/NationalParks\/resources\/assets\/images\/logo-green.png\" alt=\"National Parks\">\n\t\t\t\t\t<\/a>\n\t\t\t\t\t<div class=\"col-12 col-xl-9 p-0 flex-fill d-flex flex-column justify-content-center\">\n\t\t\t\t\t\t<h2 class=\"display-4\">Where nature speaks<\/h2>\n\t\t\t\t\t<\/div>\n\t\t\t\t<\/div>\n\t\t\t<\/div>\n\t\t\t<div class=\"col-12 col-lg-6\" style=\"background-image:url(https:\/\/www.nationalparks.ie\/app\/uploads\/2022\/08\/Rectangle-52.png); background-size:cover; background-position:center center;\"><\/div>\n\t\t\t\t<\/div>\n\t\t\t<\/div>\n\t\t<\/div>\n\t\t<div class=\"section-menu pt-4 bg-color-navy px-2 px-lg-0\">\n\t\t\t\t\t<div class=\"row\">\n\t\t\t\t<div class=\"col-10 col-sm-5 col-lg-4\">\n\t\t\t\t\t<div class=\"ps-lg-3 d-flex align-items-center\">\n\t\t\t\t\t\t\n\t\t\t\t\t\t<button class=\"navbar-toggler navbar-toggler-right collapsed p-3 p-lg-4\" type=\"button\" data-bs-toggle=\"collapse\" data-bs-target=\"#navbarResponsive\" aria-controls=\"navbarResponsive\" aria-expanded=\"false\" aria-label=\"Toggle navigation\">\n\t\t\t\t\t\t\t<span class=\"icon-bar top-bar bg-color-chartreuse\"><\/span>\n\t\t\t\t\t\t\t<!--<span class=\"icon-bar middle-bar bg-color-chartreuse\"><\/span>-->\n\t\t\t\t\t\t\t<span class=\"icon-bar bottom-bar bg-color-chartreuse\"><\/span>\t\n\t\t\t\t\t\t<\/button>\n\t\t\t\t\t\t\n\t\t\t\t\t\t<h1 class=\"h4 is-inside-park\">\n\t\t\t\t\t\t\t<a class=\"color-white text-decoration-none\" href=\"https:\/\/www.nationalparks.ie\/ga\/wild-nephin\/\">\n\t\t\t\t\t\t\t\t<span lang=\"ga-IE\">P\u00e1irc N\u00e1isi\u00fanta N\u00e9ifinne Fi\u00e1ine<\/span> <br\/>\n\t\t\t\t\t\t\t\t<span class=\"color-chartreuse\" lang=\"en-US\">Wild Nephin National Park<\/span>\n\t\t\t\t\t\t\t<\/a>\n\t\t\t\t\t\t<\/h1>\n\t\t\t\t\t\t\n\t\t\t\t\t<\/div>\n\t\t\t\t<\/div>\t\t\t\n\t\t\t\t<div class=\"col-2 col-lg-8 px-lg-0\">\n\t\t\t\t\t<div class=\"info-box font-family-gibson-300 h-100 color-white d-flex justify-content-end align-items-center py-0 px-lg-0 me-lg-5\">\n\t\t\t\t\t\t\t\t\t\t\t\t\t\t\t\t\n\t\t\t\t\t\t<div class=\"d-none d-lg-flex align-items-center weather-box me-5 py-2\">\n\t\t\t\t\t\t\t<span class=\"font-size-body-small\">\t\t\t\t\t\t\t\t\n\t\t\t\t\t\t\t\tN\u00e9ifinne Fi\u00e1ine 11\t\t\t\t\t\t\t\t \u00b0C\n\t\t\t\t\t\t\t<\/span>  \n\t\t\t\t\t\t\t<img decoding=\"async\" class=\"weather-icon me-1 ms-3\" style=\"height:24px;\" src=\"\/app\/themes\/NationalParks\/resources\/assets\/images\/weather_icons\/light_icons\/n.png\" alt=\"\" \/> \n\t\t\t\t\t\t\t<span class=\"weather-description font-size-body-small me-1\">N\/A<\/span>\n\t\t\t\t\t\t<\/div>\n\n\t\t\t\t\t\t<img decoding=\"async\" class=\"d-block\" src=\"https:\/\/www.nationalparks.ie\/app\/uploads\/2022\/04\/NP_Park_Stamps-15-1-1.png\" alt=\"Wild Nephin National Park logo\" style=\"max-width:75px;\" \/>\n\t\t\t\t\t<\/div>\n\t\t\t\t<\/div>\n\t\t\t<\/div>\n\t\t\t\t\t\t\n\t\t\t<!--\n\t\t\t\t\t\t\t<ul class=\"park-nav mt-4 mb-0 px-0\">\n\t\t\t\t\t<li class=\"page_item\"><a href=\"\/glenveagh\/nature-conservation\/\">Nature &amp; Conservation<\/a><\/li>\n\t\t\t\t\t<li class=\"page_item\"><a href=\"\/glenveagh\/things-to-do\/\">Things To Do<\/a><\/li>\n\t\t\t\t\t<li class=\"page_item\"><a href=\"\/glenveagh\/learn\/\">Learn<\/a><\/li>\n\t\t\t\t\t<li class=\"page_item\"><a href=\"\/glenveagh\/about-us\/\">About us<\/a><\/li>\n\t\t\t\t\t<li class=\"page_item\"><a href=\"\/glenveagh\/contact\/\">Contact<\/a><\/li>\n\t\t\t\t<\/ul>\n\t\t\t\t\t\t\t<ul class=\"park-nav mt-4 mb-0 px-0\">\n\t\t\t\t\t<li class=\"page_item\"><a href=\"\/glenveagh\/nature-conservation\/\">An D\u00falra & Caomhn\u00fa<\/a><\/li>\n\t\t\t\t\t<li class=\"page_item\"><a href=\"\/glenveagh\/things-to-do\/\">Ruda\u00ed le d\u00e9anamh<\/a><\/li>\n\t\t\t\t\t<li class=\"page_item\"><a href=\"\/glenveagh\/learn\/\">Foghlaim<\/a><\/li>\n\t\t\t\t\t<li class=\"page_item\"><a href=\"\/glenveagh\/about-us\/\">F\u00fainn<\/a><\/li>\n\t\t\t\t\t<li class=\"page_item\"><a href=\"\/glenveagh\/contact\/\">Teagmh\u00e1il Linn<\/a><\/li>\n\t\t\t\t<\/ul>\n\t\t\t\t\t\t-->\n\t\t<\/div>\n\t<\/div>\n<\/section>\n\n\r\n<section id=\"block_8f21e2966bbd58482216d9ebdacd6225\" class=\"section-park-anchor-navigation bg-color-navy\">\r\n\t<div class=\"container-fluid px-0\">\r\n\t\t<div class=\"row\">\r\n\t\t\r\n\t\t\t\t\t\t\t<ul class=\"park-nav mt-4 mb-0 px-0\">\r\n\t\t\t\t\r\n\t\t\t\t\t\r\n\t\t\t\t\t\r\n\t\t\t\t\t<li class=\"park-nav-item \">\r\n\t\t\t\t\t\t\r\n\t\t\t\t\t\t<a href=\"\/ga\/wild-nephin\/\">Baile<\/a>\r\n\t\t\t\t\t\t\r\n\t\t\t\t\t\t\t\r\n\t\t\t\t\t\t\r\n\t\t\t\t\t<\/li>\r\n\t\t\t\t\t\t\t\t\r\n\t\t\t\t\t\t\t\t\t\t\r\n\t\t\t\t\t\r\n\t\t\t\t\t\r\n\t\t\t\t\t\r\n\t\t\t\t\t<li class=\"park-nav-item \">\r\n\t\t\t\t\t\t\r\n\t\t\t\t\t\t<a href=\"\/ga\/wild-nephin\/nature-conservation\/\">D\u00falra &amp; Caomhn\u00fa<\/a>\r\n\t\t\t\t\t\t\r\n\t\t\t\t\t\t\t\r\n\t\t\t\t\t\t\r\n\t\t\t\t\t<\/li>\r\n\t\t\t\t\t\t\t\t\r\n\t\t\t\t\t\t\t\t\t\t\r\n\t\t\t\t\t\r\n\t\t\t\t\t\r\n\t\t\t\t\t\r\n\t\t\t\t\t<li class=\"park-nav-item \">\r\n\t\t\t\t\t\t\r\n\t\t\t\t\t\t<a href=\"\/ga\/wild-nephin\/things-to-do\/\">Ruda\u00ed Le D\u00e9anamh<\/a>\r\n\t\t\t\t\t\t\r\n\t\t\t\t\t\t\t\r\n\t\t\t\t\t\t\r\n\t\t\t\t\t<\/li>\r\n\t\t\t\t\t\t\t\t\r\n\t\t\t\t\t\t\t\t\t\t\r\n\t\t\t\t\t\r\n\t\t\t\t\t\r\n\t\t\t\t\t\r\n\t\t\t\t\t<li class=\"park-nav-item \">\r\n\t\t\t\t\t\t\r\n\t\t\t\t\t\t<a href=\"\/ga\/wild-nephin\/learn\/\">Foghlaim<\/a>\r\n\t\t\t\t\t\t\r\n\t\t\t\t\t\t\t\r\n\t\t\t\t\t\t\r\n\t\t\t\t\t<\/li>\r\n\t\t\t\t\t\t\t\t\r\n\t\t\t\t\t\t\t\t\t\t\r\n\t\t\t\t\t\r\n\t\t\t\t\t\r\n\t\t\t\t\t\r\n\t\t\t\t\t<li class=\"park-nav-item \">\r\n\t\t\t\t\t\t\r\n\t\t\t\t\t\t<a href=\"\/ga\/wild-nephin\/about-us\/\">F\u00fainn<\/a>\r\n\t\t\t\t\t\t\r\n\t\t\t\t\t\t\t\r\n\t\t\t\t\t\t\r\n\t\t\t\t\t<\/li>\r\n\t\t\t\t\t\t\t\t\r\n\t\t\t\t\t\t\t\t\t\t\r\n\t\t\t\t\t\r\n\t\t\t\t\t\r\n\t\t\t\t\t\r\n\t\t\t\t\t<li class=\"park-nav-item current_page_item\">\r\n\t\t\t\t\t\t\r\n\t\t\t\t\t\t<a href=\"\/ga\/wild-nephin\/contact\/\">Teagmh\u00e1il<\/a>\r\n\t\t\t\t\t\t\r\n\t\t\t\t\t\t\t\t\t\t\t\t\t<div class=\"mb-0 px-4 pt-4 pb-lg-4 mx-0 park-subnav w-100\">\r\n\t\t\t\t\t\t\t\t\t\r\n\t\t\t\t\t\t\t\t\t\r\n\t\t\t\t\t\t\t\t\t<ul class=\"mb-4 mb-lg-0 px-2 mx-lg-4\">\r\n\t\t\t\t\t\t\t\t\t\t\r\n\t\t\t\t\t\t\t\t\t\t\t\t\t\t\t\t\t\t\t\t\r\n\t\t\t\t\t\t\t\t\t\t\t\t\t\t\t\t\t\t\t\t\t\t\t\t\t\t\t\t\t\t\t\t\t<li>\r\n\t\t\t\t\t\t\t\t\t\t\t\t\t<a class=\"px-2 py-2\" href=\"#contact\">Sonra\u00ed Teagmh\u00e1la<\/a>\r\n\t\t\t\t\t\t\t\t\t\t\t\t<\/li>\r\n\t\t\t\t\t\t\t\t\t\t\t\t\t\t\t\t\t\t\t\t\t\t\t\t\t\t\t\t\t\t\t\r\n\t\t\t\t\t\t\t\t\t<\/ul>\r\n\t\t\t\t\t\t\t\t\t\r\n\t\t\t\t\t\t\t\t\t\r\n\t\t\t\t\t\t\t\t\t\r\n\t\t\t\t\t\t\t\t\t<ul class=\"mb-4 mb-lg-0 px-2 mx-lg-4\">\r\n\t\t\t\t\t\t\t\t\t\t\r\n\t\t\t\t\t\t\t\t\t\t\t\t\t\t\t\t\t\t\t\t\r\n\t\t\t\t\t\t\t\t\t\t\t\t\t\t\t\t\t\t\t\t\t\t\t\t\t\t\t\t\t\t\t\t\t<li>\r\n\t\t\t\t\t\t\t\t\t\t\t\t\t<a class=\"px-2 py-2\" href=\"#emergencies\">\u00c9igeand\u00e1la\u00ed<\/a>\r\n\t\t\t\t\t\t\t\t\t\t\t\t<\/li>\r\n\t\t\t\t\t\t\t\t\t\t\t\t\t\t\t\t\t\t\t\t\t\t\t\t\t\t\t\t\t\t\t\r\n\t\t\t\t\t\t\t\t\t<\/ul>\r\n\t\t\t\t\t\t\t\t\t\r\n\t\t\t\t\t\t\t\t\t\t\t\t\t\t\t<\/div>\r\n\t\t\t\t\t\t\t\r\n\t\t\t\t\t\t\t\r\n\t\t\t\t\t\t\r\n\t\t\t\t\t<\/li>\r\n\t\t\t\t\t\t\t\t\r\n\t\t\t\t\t\t\t\t\t\t\r\n\t\t\t\t\t\r\n\t\t\t\t\t\t\t\t<\/ul>\r\n\t\t\t\t\r\n\t\t\t\r\n\t\t<\/div>\r\n\t<\/div>\r\n<\/section>\n\n\n\n<section id=\"section-video-block_ab71e1c990ef1be3635cf12a0f8833b6\" class=\"section-video d-flex justify-content-center\" style=\"margin-top:0;\">\n\t\n\t\t\t<div aria-hidden=\"true\" class=\"img-wrap\" style=\"width:100%; min-width:1280px; position:relative; height:420px; overflow:hidden; background-image:url(https:\/\/www.nationalparks.ie\/app\/uploads\/2022\/08\/Breaker-Section.png); background-size:cover;\"><\/div>\n\t<\/section>\n\n\r\n<a id=\"contact\" style=\"\"><\/a>\r\n\r\n\r\n\n\n\r\n<a id=\"emergencies\" style=\"\"><\/a>\r\n\r\n\r\n\n\n\r\n<section id=\"block_78e288e4c8192c7d3259a1934ccc7b2a\" class=\"section-contact bg-color-beige color-black py-5\">\r\n\t<div class=\"container-fluid px-3 px-lg-5\">\r\n\t\t<h2 class=\"font-size-quote mb-4 mb-lg-5 pb-lg-5\">Sonra\u00ed Teagmh\u00e1la<\/h2>\r\n\t\t<div class=\"row mt-lg-5 pt-lg-5\">\t\t\r\n\t\t\t<div class=\"col-12 col-lg-3 mb-4 mt-lg-5 pt-lg-5\">\r\n\t\t\t\t<hr class=\"mt-0\" style=\"border-top:1px solid #C4C4C4; opacity: 1;\" \/>\r\n\t\t\t\t<h3 class=\"font-size-heading\">Seoladh an Ionaid Chuairteoir\u00ed<\/h3>\r\n\t\t\t\t<p>Ionad Cuairteoir\u00ed Bhaile Chruaich, An tSeirbh\u00eds P\u00e1irceanna N\u00e1isi\u00fanta &#038; Fiadh\u00falra, Sr\u00e1idbhaile Bhaile Chruaich, Co. Mhaigh Eo<\/p>\n\t\t\t<\/div>\r\n\t\t\t\t\t\t<div class=\"col-12 col-lg-8 offset-lg-1 mt-lg-5 pt-lg-5\">\r\n\t\t\t\t\t\r\n\t\t\t\t\t<div class=\"row py-4\" style=\"border-top:1px solid #C4C4C4;\">\r\n\t\t\t\t\t\t<div class=\"col-12 col-lg-4 mb-3\">\r\n\t\t\t\t\t\t\t<h3 class=\"font-size-heading\">Seirbh\u00eds\u00ed do Chuairteoir\u00ed<\/h3>\r\n\t\t\t\t\t\t<\/div>\r\n\t\t\t\t\t\t\t\t\t\t\t\t\t<div class=\"col-12 col-lg-4 mb-3\">\r\n\t\t\t\t\t\t\t\t<div class=\"px-0 px-lg-4\"><p><span class=\"font-size-capitalised\">F\u00f3n:<\/span><br \/>\n<a href=\"tel:+3539849888\">098 49888<\/a><\/p>\n<p><span class=\"font-size-capitalised\">R\u00edomhphost:<\/span><br \/>\n<a href=\"mailto:ballycroyvisitorcentre@npws.gov.ie\">ballycroyvisitorcentre@npws.gov.ie<\/a><\/p>\n<\/div>\r\n\t\t\t\t\t\t\t<\/div>\r\n\t\t\t\t\t\t\t<div class=\"col-12 col-lg-4 mb-4\">\r\n\t\t\t\t\t\t\t\t<div class=\"px-0 px-lg-4\"><p><span class=\"font-size-capitalised\">Facebook:<\/span><br \/>\n<a href=\"https:\/\/www.facebook.com\/WildNephinNationalPark\">@WildNephinNationalPark<\/a><\/p>\n<p><span class=\"font-size-capitalised\">Twitter:<\/span><br \/>\n<a href=\"https:\/\/twitter.com\/WildNephin\">@WildNephin<\/a><\/p>\n<p><span class=\"font-size-capitalised\">Instagram:<\/span><br \/>\n<a href=\"https:\/\/www.instagram.com\/wildnephin_official\/\">@wildnephin_official<\/a><\/p>\n<\/div>\r\n\t\t\t\t\t\t\t<\/div>\r\n\t\t\t\t\t\t\t\t\t\t\t<\/div>\r\n\t\t\t\t\r\n\t\t\t\t\t\r\n\t\t\t\t\t<div class=\"row py-4\" style=\"border-top:1px solid #C4C4C4;\">\r\n\t\t\t\t\t\t<div class=\"col-12 col-lg-4 mb-3\">\r\n\t\t\t\t\t\t\t<h3 class=\"font-size-heading\">Ceadanna<\/h3>\r\n\t\t\t\t\t\t<\/div>\r\n\t\t\t\t\t\t\t\t\t\t\t\t\t<div class=\"col-12 col-lg-8 mb-3\">\r\n\t\t\t\t\t\t\t\t<div class=\"px-0 px-lg-4\"><p><span class=\"font-size-capitalised\">R\u00edomhphost:<\/span><br \/>\n<a href=\"mailto:permitswnnp@npws.gov.ie\">PermitsWNNP@npws.gov.ie<\/a><\/p>\n<\/div>\r\n\t\t\t\t\t\t\t<\/div>\r\n\t\t\t\t\t\t\t\t\t\t\t<\/div>\r\n\t\t\t\t\r\n\t\t\t\t\t\r\n\t\t\t\t\t<div class=\"row py-4\" style=\"border-top:1px solid #C4C4C4;\">\r\n\t\t\t\t\t\t<div class=\"col-12 col-lg-4 mb-3\">\r\n\t\t\t\t\t\t\t<h3 class=\"font-size-heading\">Bainist\u00edocht<\/h3>\r\n\t\t\t\t\t\t<\/div>\r\n\t\t\t\t\t\t\t\t\t\t\t\t\t<div class=\"col-12 col-lg-8 mb-3\">\r\n\t\t\t\t\t\t\t\t<div class=\"px-0 px-lg-4\"><p><span class=\"font-size-capitalised\">Seoladh do Bhainisteoir na P\u00e1irce:<\/span><br \/>\nP\u00e1irc N\u00e1isi\u00fanta N\u00e9ifinne Fi\u00e1ine, An Log Dubh M\u00f3r, Baile Chruaich, Co. Mhaigh Eo<\/p>\n<\/div>\r\n\t\t\t\t\t\t\t<\/div>\r\n\t\t\t\t\t\t\t\t\t\t\t<\/div>\r\n\t\t\t\t\r\n\t\t\t\t\t\t\t<\/div>\r\n\t\t\t\t\t<\/div>\r\n\t<\/div>\r\n<\/section>\r\n\r\n\t\r\n\t<section id=\"block_78e288e4c8192c7d3259a1934ccc7b2a2\" class=\"section-emergencies py-0 py-lg-5 bg-color-red color-white\">\r\n\t\t<!-- <div class=\"container-fluid px-3 px-lg-5\"> -->\r\n\t\t<div class=\"container-fluid m-0 p-0\">\r\n\t\t\t<div class=\"row\">\r\n\t\t\t\t\t\t\t\t\t\r\n\t\t\t\t<div class=\"col-12 col-lg-4 px-3 px-lg-5 py-3 py-lg-0 section-emergencies__title\">\r\n\t\t\t\t\t<h2 class=\"font-size-quote m-0\">\u00c9igeagd\u00e1la\u00ed<\/h2>\r\n\t\t\t\t<\/div>\r\n\t\t\t\t<div class=\"col-12 col-lg-8 font-size-heading px-3 px-lg-5 py-3 py-lg-0\">\r\n\t\t\t\t\t<p>I gc\u00e1s \u00e9igeand\u00e1la ar bith, glaoigh ar 112 n\u00f3 999.<\/p>\n\t\t\t\t<\/div>\r\n\t\t\t\t\r\n\t\t\t<\/div>\r\n\t\t<\/div>\r\n\t<\/section>\r\n\t\r\n\r\n\r\n\r\n\r\n\n\n\n\n<section id=\"section-video-block_5a4b20aa1385778ef582c7f08046c1c2\" class=\"section-video d-flex justify-content-center\" style=\"margin-top:0;\">\n\t\n\t\t\t<div aria-hidden=\"true\" class=\"img-wrap\" style=\"width:100%; min-width:1280px; position:relative; height:420px; overflow:hidden; background-image:url(https:\/\/www.nationalparks.ie\/app\/uploads\/2022\/08\/Parallax-Image-2.png); background-size:cover;\"><\/div>\n\t<\/section>","protected":false},"excerpt":{"rendered":"","protected":false},"author":8,"featured_media":0,"parent":6093,"menu_order":4,"comment_status":"closed","ping_status":"closed","template":"","meta":{"_acf_changed":false,"_uag_custom_page_level_css":"","footnotes":""},"class_list":["post-6101","page","type-page","status-publish","hentry"],"acf":[],"yoast_head":"<!-- This site is optimized with the Yoast SEO plugin v27.3 - https:\/\/yoast.com\/product\/yoast-seo-wordpress\/ -->\n<title>Teagmh\u00e1il - P\u00e1irc N\u00e1isi\u00fanta N\u00e9ifinne Fi\u00e1ine - National Parks of Ireland<\/title>\n<meta name=\"robots\" content=\"index, follow, max-snippet:-1, max-image-preview:large, max-video-preview:-1\" \/>\n<link rel=\"canonical\" href=\"https:\/\/www.nationalparks.ie\/ga\/wild-nephin\/contact\/\" \/>\n<meta property=\"og:locale\" content=\"ga_IE\" \/>\n<meta property=\"og:type\" content=\"article\" \/>\n<meta property=\"og:title\" content=\"Teagmh\u00e1il - P\u00e1irc N\u00e1isi\u00fanta N\u00e9ifinne Fi\u00e1ine - National Parks of Ireland\" \/>\n<meta property=\"og:url\" content=\"https:\/\/www.nationalparks.ie\/ga\/wild-nephin\/contact\/\" \/>\n<meta property=\"og:site_name\" content=\"National Parks of Ireland\" \/>\n<meta property=\"article:modified_time\" content=\"2025-03-03T14:19:12+00:00\" \/>\n<meta name=\"twitter:card\" content=\"summary_large_image\" \/>\n<script type=\"application\/ld+json\" class=\"yoast-schema-graph\">{\"@context\":\"https:\\\/\\\/schema.org\",\"@graph\":[{\"@type\":\"WebPage\",\"@id\":\"https:\\\/\\\/www.nationalparks.ie\\\/ga\\\/wild-nephin\\\/contact\\\/\",\"url\":\"https:\\\/\\\/www.nationalparks.ie\\\/ga\\\/wild-nephin\\\/contact\\\/\",\"name\":\"Teagmh\u00e1il - P\u00e1irc N\u00e1isi\u00fanta N\u00e9ifinne Fi\u00e1ine - National Parks of Ireland\",\"isPartOf\":{\"@id\":\"https:\\\/\\\/www.nationalparks.ie\\\/ga\\\/#website\"},\"datePublished\":\"2022-04-08T10:55:01+00:00\",\"dateModified\":\"2025-03-03T14:19:12+00:00\",\"breadcrumb\":{\"@id\":\"https:\\\/\\\/www.nationalparks.ie\\\/ga\\\/wild-nephin\\\/contact\\\/#breadcrumb\"},\"inLanguage\":\"ga-IE\",\"potentialAction\":[{\"@type\":\"ReadAction\",\"target\":[\"https:\\\/\\\/www.nationalparks.ie\\\/ga\\\/wild-nephin\\\/contact\\\/\"]}]},{\"@type\":\"BreadcrumbList\",\"@id\":\"https:\\\/\\\/www.nationalparks.ie\\\/ga\\\/wild-nephin\\\/contact\\\/#breadcrumb\",\"itemListElement\":[{\"@type\":\"ListItem\",\"position\":1,\"name\":\"Home\",\"item\":\"https:\\\/\\\/www.nationalparks.ie\\\/ga\\\/\"},{\"@type\":\"ListItem\",\"position\":2,\"name\":\"N\u00e9ifinne Fi\u00e1ine\",\"item\":\"https:\\\/\\\/www.nationalparks.ie\\\/ga\\\/wild-nephin\\\/\"},{\"@type\":\"ListItem\",\"position\":3,\"name\":\"Teagmh\u00e1il\"}]},{\"@type\":\"WebSite\",\"@id\":\"https:\\\/\\\/www.nationalparks.ie\\\/ga\\\/#website\",\"url\":\"https:\\\/\\\/www.nationalparks.ie\\\/ga\\\/\",\"name\":\"National Parks of Ireland\",\"description\":\"Where Nature Speaks\",\"publisher\":{\"@id\":\"https:\\\/\\\/www.nationalparks.ie\\\/ga\\\/#organization\"},\"potentialAction\":[{\"@type\":\"SearchAction\",\"target\":{\"@type\":\"EntryPoint\",\"urlTemplate\":\"https:\\\/\\\/www.nationalparks.ie\\\/ga\\\/?s={search_term_string}\"},\"query-input\":{\"@type\":\"PropertyValueSpecification\",\"valueRequired\":true,\"valueName\":\"search_term_string\"}}],\"inLanguage\":\"ga-IE\"},{\"@type\":\"Organization\",\"@id\":\"https:\\\/\\\/www.nationalparks.ie\\\/ga\\\/#organization\",\"name\":\"National Parks of Ireland\",\"url\":\"https:\\\/\\\/www.nationalparks.ie\\\/ga\\\/\",\"logo\":{\"@type\":\"ImageObject\",\"inLanguage\":\"ga-IE\",\"@id\":\"https:\\\/\\\/www.nationalparks.ie\\\/ga\\\/#\\\/schema\\\/logo\\\/image\\\/\",\"url\":\"https:\\\/\\\/www.nationalparks.ie\\\/app\\\/uploads\\\/2022\\\/02\\\/np-logo-icon.png\",\"contentUrl\":\"https:\\\/\\\/www.nationalparks.ie\\\/app\\\/uploads\\\/2022\\\/02\\\/np-logo-icon.png\",\"width\":97,\"height\":90,\"caption\":\"National Parks of Ireland\"},\"image\":{\"@id\":\"https:\\\/\\\/www.nationalparks.ie\\\/ga\\\/#\\\/schema\\\/logo\\\/image\\\/\"}}]}<\/script>\n<!-- \/ Yoast SEO plugin. -->","yoast_head_json":{"title":"Teagmh\u00e1il - P\u00e1irc N\u00e1isi\u00fanta N\u00e9ifinne Fi\u00e1ine - National Parks of Ireland","robots":{"index":"index","follow":"follow","max-snippet":"max-snippet:-1","max-image-preview":"max-image-preview:large","max-video-preview":"max-video-preview:-1"},"canonical":"https:\/\/www.nationalparks.ie\/ga\/wild-nephin\/contact\/","og_locale":"ga_IE","og_type":"article","og_title":"Teagmh\u00e1il - P\u00e1irc N\u00e1isi\u00fanta N\u00e9ifinne Fi\u00e1ine - National Parks of Ireland","og_url":"https:\/\/www.nationalparks.ie\/ga\/wild-nephin\/contact\/","og_site_name":"National Parks of Ireland","article_modified_time":"2025-03-03T14:19:12+00:00","twitter_card":"summary_large_image","schema":{"@context":"https:\/\/schema.org","@graph":[{"@type":"WebPage","@id":"https:\/\/www.nationalparks.ie\/ga\/wild-nephin\/contact\/","url":"https:\/\/www.nationalparks.ie\/ga\/wild-nephin\/contact\/","name":"Teagmh\u00e1il - P\u00e1irc N\u00e1isi\u00fanta N\u00e9ifinne Fi\u00e1ine - National Parks of Ireland","isPartOf":{"@id":"https:\/\/www.nationalparks.ie\/ga\/#website"},"datePublished":"2022-04-08T10:55:01+00:00","dateModified":"2025-03-03T14:19:12+00:00","breadcrumb":{"@id":"https:\/\/www.nationalparks.ie\/ga\/wild-nephin\/contact\/#breadcrumb"},"inLanguage":"ga-IE","potentialAction":[{"@type":"ReadAction","target":["https:\/\/www.nationalparks.ie\/ga\/wild-nephin\/contact\/"]}]},{"@type":"BreadcrumbList","@id":"https:\/\/www.nationalparks.ie\/ga\/wild-nephin\/contact\/#breadcrumb","itemListElement":[{"@type":"ListItem","position":1,"name":"Home","item":"https:\/\/www.nationalparks.ie\/ga\/"},{"@type":"ListItem","position":2,"name":"N\u00e9ifinne Fi\u00e1ine","item":"https:\/\/www.nationalparks.ie\/ga\/wild-nephin\/"},{"@type":"ListItem","position":3,"name":"Teagmh\u00e1il"}]},{"@type":"WebSite","@id":"https:\/\/www.nationalparks.ie\/ga\/#website","url":"https:\/\/www.nationalparks.ie\/ga\/","name":"National Parks of Ireland","description":"Where Nature Speaks","publisher":{"@id":"https:\/\/www.nationalparks.ie\/ga\/#organization"},"potentialAction":[{"@type":"SearchAction","target":{"@type":"EntryPoint","urlTemplate":"https:\/\/www.nationalparks.ie\/ga\/?s={search_term_string}"},"query-input":{"@type":"PropertyValueSpecification","valueRequired":true,"valueName":"search_term_string"}}],"inLanguage":"ga-IE"},{"@type":"Organization","@id":"https:\/\/www.nationalparks.ie\/ga\/#organization","name":"National Parks of Ireland","url":"https:\/\/www.nationalparks.ie\/ga\/","logo":{"@type":"ImageObject","inLanguage":"ga-IE","@id":"https:\/\/www.nationalparks.ie\/ga\/#\/schema\/logo\/image\/","url":"https:\/\/www.nationalparks.ie\/app\/uploads\/2022\/02\/np-logo-icon.png","contentUrl":"https:\/\/www.nationalparks.ie\/app\/uploads\/2022\/02\/np-logo-icon.png","width":97,"height":90,"caption":"National Parks of Ireland"},"image":{"@id":"https:\/\/www.nationalparks.ie\/ga\/#\/schema\/logo\/image\/"}}]}},"spectra_custom_meta":{"_yoast_wpseo_estimated-reading-time-minutes":["0"],"_dp_original":["600"],"_wpml_word_count":["{\"total\":2,\"to_translate\":{\"ga\":2}}"],"_wpml_media_featured":["1"],"_wpml_media_duplicate":["0"],"_yoast_wpseo_wordproof_timestamp":[""],"cmplz_hide_cookiebanner":[""],"_edit_last":["11"],"_wp_page_template":[""],"_edit_lock":["1741011569:11"],"_yoast_wpseo_title":["%%title%% %%page%% %%sep%% P\u00e1irc N\u00e1isi\u00fanta N\u00e9ifinne Fi\u00e1ine %%sep%% %%sitename%%"],"_last_translation_edit_mode":["native-editor"],"_cmplz_remote_scanned_post":["1"],"footnotes":[""],"_tribe_ticket_capacity":["0"],"_tribe_ticket_version":["5.21.1"],"_uag_css_file_name":["uag-css-6101.css"],"_uag_page_assets":["a:9:{s:3:\"css\";s:263:\".uag-blocks-common-selector{z-index:var(--z-index-desktop) !important}@media (max-width: 976px){.uag-blocks-common-selector{z-index:var(--z-index-tablet) !important}}@media (max-width: 767px){.uag-blocks-common-selector{z-index:var(--z-index-mobile) !important}}\n\";s:2:\"js\";s:0:\"\";s:18:\"current_block_list\";a:12:{i:0;s:22:\"acf\/park---hero-banner\";i:1;s:28:\"acf\/park---anchor-navigation\";i:2;s:32:\"acf\/all-parks---background-video\";i:3;s:27:\"acf\/park--block-anchor-link\";i:4;s:18:\"acf\/park---contact\";i:5;s:11:\"core\/search\";i:6;s:10:\"core\/group\";i:7;s:12:\"core\/heading\";i:8;s:17:\"core\/latest-posts\";i:9;s:20:\"core\/latest-comments\";i:10;s:13:\"core\/archives\";i:11;s:15:\"core\/categories\";}s:8:\"uag_flag\";b:0;s:11:\"uag_version\";s:10:\"1776182432\";s:6:\"gfonts\";a:0:{}s:10:\"gfonts_url\";s:0:\"\";s:12:\"gfonts_files\";a:0:{}s:14:\"uag_faq_layout\";b:0;}"]},"uagb_featured_image_src":{"full":false,"thumbnail":false,"medium":false,"medium_large":false,"large":false,"1536x1536":false,"2048x2048":false,"gform-image-choice-sm":false,"gform-image-choice-md":false,"gform-image-choice-lg":false},"uagb_author_info":{"display_name":"Wild Nephin National Park","author_link":"https:\/\/www.nationalparks.ie\/ga\/author\/wild-nephin\/"},"uagb_comment_info":0,"uagb_excerpt":null,"_links":{"self":[{"href":"https:\/\/www.nationalparks.ie\/ga\/wp-json\/wp\/v2\/pages\/6101","targetHints":{"allow":["GET"]}}],"collection":[{"href":"https:\/\/www.nationalparks.ie\/ga\/wp-json\/wp\/v2\/pages"}],"about":[{"href":"https:\/\/www.nationalparks.ie\/ga\/wp-json\/wp\/v2\/types\/page"}],"author":[{"embeddable":true,"href":"https:\/\/www.nationalparks.ie\/ga\/wp-json\/wp\/v2\/users\/8"}],"replies":[{"embeddable":true,"href":"https:\/\/www.nationalparks.ie\/ga\/wp-json\/wp\/v2\/comments?post=6101"}],"version-history":[{"count":20,"href":"https:\/\/www.nationalparks.ie\/ga\/wp-json\/wp\/v2\/pages\/6101\/revisions"}],"predecessor-version":[{"id":23587,"href":"https:\/\/www.nationalparks.ie\/ga\/wp-json\/wp\/v2\/pages\/6101\/revisions\/23587"}],"up":[{"embeddable":true,"href":"https:\/\/www.nationalparks.ie\/ga\/wp-json\/wp\/v2\/pages\/6093"}],"wp:attachment":[{"href":"https:\/\/www.nationalparks.ie\/ga\/wp-json\/wp\/v2\/media?parent=6101"}],"curies":[{"name":"wp","href":"https:\/\/api.w.org\/{rel}","templated":true}]}}