{"id":6197,"date":"2022-03-20T12:45:27","date_gmt":"2022-03-20T12:45:27","guid":{"rendered":"https:\/\/www.nationalparks.ie\/burren\/about-us\/"},"modified":"2025-11-27T09:32:07","modified_gmt":"2025-11-27T09:32:07","slug":"about-us","status":"publish","type":"page","link":"https:\/\/www.nationalparks.ie\/ga\/burren\/about-us\/","title":{"rendered":"Maidir linne"},"content":{"rendered":"\n\n<!--#section-hero\" -->\n<section id=\"block_c95135d068b83245efcc839cf4c65f64\" class=\"section-hero section-hero-park section-first bg-color-grey bg-img \" style=\"background-image:url(https:\/\/www.nationalparks.ie\/app\/uploads\/2022\/04\/Rectangle-52-4.png); background-attachment:fixed; background-size: cover;\">\n\t<div class=\"container-fluid px-0 mx-0 d-flex flex-column justify-content-center\">\n\t\t\t\t\t\t<div class=\"row w-100 mt-auto m-lg-auto align-items-stretch\">\n\t\t\t<div class=\"d-none d-lg-block bg-color-beige\" style=\"border-right:1px solid #9C9494; width:100px; flex-basis:70px; \"><\/div>\n\t\t\t<div class=\"col\">\n\t\t\t\t<div class=\"row\">\n\t\t\t\t<div class=\"col-12 col-lg-6\">\n\t\t\t\t<div class=\"section-hero-text d-flex flex-column justify-content-start bg-color-beige px-2 px-lg-4 py-3 py-lg-4\">\t\t\t\t\t\n\t\t\t\t\t<!--<a href=\"\/\" style=\"position:absolute; left:1.5rem; top:1rem;\" class=\"section-menu__logo\">-->\n\t\t\t\t\t<a href=\"\/\" class=\"section-menu__logo\">\n\t\t\t\t\t\t<img decoding=\"async\" src=\"\/app\/themes\/NationalParks\/resources\/assets\/images\/logo-green.png\" alt=\"National Parks\">\n\t\t\t\t\t<\/a>\n\t\t\t\t\t<div class=\"col-12 col-xl-9 p-0 flex-fill d-flex flex-column justify-content-center\">\n\t\t\t\t\t\t<h2 class=\"display-4\">&#8220;The ocean on one side is wild with foam and glitter, and inland among stones the surface of a slate-grey lake is lit\u201d<\/h2>\n<blockquote><p>Seamus Heaney<\/p><\/blockquote>\n\t\t\t\t\t<\/div>\n\t\t\t\t<\/div>\n\t\t\t<\/div>\n\t\t\t<div class=\"col-12 col-lg-6\" style=\"background-image:url(https:\/\/www.nationalparks.ie\/app\/uploads\/2022\/04\/Rectangle-52-4.png); background-size:cover; background-position:center center;\"><\/div>\n\t\t\t\t<\/div>\n\t\t\t<\/div>\n\t\t<\/div>\n\t\t<div class=\"section-menu pt-4 bg-color-navy px-2 px-lg-0\">\n\t\t\t\t\t<div class=\"row\">\n\t\t\t\t<div class=\"col-10 col-sm-5 col-lg-4\">\n\t\t\t\t\t<div class=\"ps-lg-3 d-flex align-items-center\">\n\t\t\t\t\t\t\n\t\t\t\t\t\t<button class=\"navbar-toggler navbar-toggler-right collapsed p-3 p-lg-4\" type=\"button\" data-bs-toggle=\"collapse\" data-bs-target=\"#navbarResponsive\" aria-controls=\"navbarResponsive\" aria-expanded=\"false\" aria-label=\"Toggle navigation\">\n\t\t\t\t\t\t\t<span class=\"icon-bar top-bar bg-color-chartreuse\"><\/span>\n\t\t\t\t\t\t\t<!--<span class=\"icon-bar middle-bar bg-color-chartreuse\"><\/span>-->\n\t\t\t\t\t\t\t<span class=\"icon-bar bottom-bar bg-color-chartreuse\"><\/span>\t\n\t\t\t\t\t\t<\/button>\n\t\t\t\t\t\t\n\t\t\t\t\t\t<h1 class=\"h4 is-inside-park\">\n\t\t\t\t\t\t\t<a class=\"color-white text-decoration-none\" href=\"https:\/\/www.nationalparks.ie\/ga\/burren\/\">\n\t\t\t\t\t\t\t\t<span lang=\"ga-IE\">P\u00e1irc N\u00e1isi\u00fanta Bhoirne<\/span> <br\/>\n\t\t\t\t\t\t\t\t<span class=\"color-chartreuse\" lang=\"en-US\">Burren National Park<\/span>\n\t\t\t\t\t\t\t<\/a>\n\t\t\t\t\t\t<\/h1>\n\t\t\t\t\t\t\n\t\t\t\t\t<\/div>\n\t\t\t\t<\/div>\t\t\t\n\t\t\t\t<div class=\"col-2 col-lg-8 px-lg-0\">\n\t\t\t\t\t<div class=\"info-box font-family-gibson-300 h-100 color-white d-flex justify-content-end align-items-center py-0 px-lg-0 me-lg-5\">\n\t\t\t\t\t\t\t\t\t\t\t\t\t\t\t\t\n\t\t\t\t\t\t<div class=\"d-none d-lg-flex align-items-center weather-box me-5 py-2\">\n\t\t\t\t\t\t\t<span class=\"font-size-body-small\">\t\t\t\t\t\t\t\t\n\t\t\t\t\t\t\t\tBhoirne 10\t\t\t\t\t\t\t\t \u00b0C\n\t\t\t\t\t\t\t<\/span>  \n\t\t\t\t\t\t\t<img decoding=\"async\" class=\"weather-icon me-1 ms-3\" style=\"height:24px;\" src=\"\/app\/themes\/NationalParks\/resources\/assets\/images\/weather_icons\/light_icons\/46n.png\" alt=\"\" \/> \n\t\t\t\t\t\t\t<span class=\"weather-description font-size-body-small me-1\">Light rain <\/span>\n\t\t\t\t\t\t<\/div>\n\n\t\t\t\t\t\t<img decoding=\"async\" class=\"d-block\" src=\"https:\/\/www.nationalparks.ie\/app\/uploads\/2022\/04\/NP_Park_Stamps-15-1.png\" alt=\"Burren National Park logo\" style=\"max-width:75px;\" \/>\n\t\t\t\t\t<\/div>\n\t\t\t\t<\/div>\n\t\t\t<\/div>\n\t\t\t\t\t\t\n\t\t\t<!--\n\t\t\t\t\t\t\t<ul class=\"park-nav mt-4 mb-0 px-0\">\n\t\t\t\t\t<li class=\"page_item\"><a href=\"\/glenveagh\/nature-conservation\/\">Nature &amp; Conservation<\/a><\/li>\n\t\t\t\t\t<li class=\"page_item\"><a href=\"\/glenveagh\/things-to-do\/\">Things To Do<\/a><\/li>\n\t\t\t\t\t<li class=\"page_item\"><a href=\"\/glenveagh\/learn\/\">Learn<\/a><\/li>\n\t\t\t\t\t<li class=\"page_item\"><a href=\"\/glenveagh\/about-us\/\">About us<\/a><\/li>\n\t\t\t\t\t<li class=\"page_item\"><a href=\"\/glenveagh\/contact\/\">Contact<\/a><\/li>\n\t\t\t\t<\/ul>\n\t\t\t\t\t\t\t<ul class=\"park-nav mt-4 mb-0 px-0\">\n\t\t\t\t\t<li class=\"page_item\"><a href=\"\/glenveagh\/nature-conservation\/\">An D\u00falra & Caomhn\u00fa<\/a><\/li>\n\t\t\t\t\t<li class=\"page_item\"><a href=\"\/glenveagh\/things-to-do\/\">Ruda\u00ed le d\u00e9anamh<\/a><\/li>\n\t\t\t\t\t<li class=\"page_item\"><a href=\"\/glenveagh\/learn\/\">Foghlaim<\/a><\/li>\n\t\t\t\t\t<li class=\"page_item\"><a href=\"\/glenveagh\/about-us\/\">F\u00fainn<\/a><\/li>\n\t\t\t\t\t<li class=\"page_item\"><a href=\"\/glenveagh\/contact\/\">Teagmh\u00e1il Linn<\/a><\/li>\n\t\t\t\t<\/ul>\n\t\t\t\t\t\t-->\n\t\t<\/div>\n\t<\/div>\n<\/section>\n\n\r\n<section id=\"block_495537475502a28862e80ab6012007eb\" class=\"section-park-anchor-navigation bg-color-navy\">\r\n\t<div class=\"container-fluid px-0\">\r\n\t\t<div class=\"row\">\r\n\t\t\r\n\t\t\t\t\t\t\t<ul class=\"park-nav mt-4 mb-0 px-0\">\r\n\t\t\t\t\r\n\t\t\t\t\t\r\n\t\t\t\t\t\r\n\t\t\t\t\t<li class=\"park-nav-item \">\r\n\t\t\t\t\t\t\r\n\t\t\t\t\t\t<a href=\"\/ga\/burren\/\">Baile<\/a>\r\n\t\t\t\t\t\t\r\n\t\t\t\t\t\t\t\r\n\t\t\t\t\t\t\r\n\t\t\t\t\t<\/li>\r\n\t\t\t\t\t\t\t\t\r\n\t\t\t\t\t\t\t\t\t\t\r\n\t\t\t\t\t\r\n\t\t\t\t\t\r\n\t\t\t\t\t\r\n\t\t\t\t\t<li class=\"park-nav-item \">\r\n\t\t\t\t\t\t\r\n\t\t\t\t\t\t<a href=\"\/ga\/burren\/nature-conservation\/\">D\u00falra &amp; Caomhn\u00fa<\/a>\r\n\t\t\t\t\t\t\r\n\t\t\t\t\t\t\t\r\n\t\t\t\t\t\t\r\n\t\t\t\t\t<\/li>\r\n\t\t\t\t\t\t\t\t\r\n\t\t\t\t\t\t\t\t\t\t\r\n\t\t\t\t\t\r\n\t\t\t\t\t\r\n\t\t\t\t\t\r\n\t\t\t\t\t<li class=\"park-nav-item \">\r\n\t\t\t\t\t\t\r\n\t\t\t\t\t\t<a href=\"\/ga\/burren\/things-to-do\/\">Ruda\u00ed le D\u00e9anamh<\/a>\r\n\t\t\t\t\t\t\r\n\t\t\t\t\t\t\t\r\n\t\t\t\t\t\t\r\n\t\t\t\t\t<\/li>\r\n\t\t\t\t\t\t\t\t\r\n\t\t\t\t\t\t\t\t\t\t\r\n\t\t\t\t\t\r\n\t\t\t\t\t\r\n\t\t\t\t\t\r\n\t\t\t\t\t<li class=\"park-nav-item \">\r\n\t\t\t\t\t\t\r\n\t\t\t\t\t\t<a href=\"\/ga\/burren\/learn\/\">Foghlaim<\/a>\r\n\t\t\t\t\t\t\r\n\t\t\t\t\t\t\t\r\n\t\t\t\t\t\t\r\n\t\t\t\t\t<\/li>\r\n\t\t\t\t\t\t\t\t\r\n\t\t\t\t\t\t\t\t\t\t\r\n\t\t\t\t\t\r\n\t\t\t\t\t\r\n\t\t\t\t\t\r\n\t\t\t\t\t<li class=\"park-nav-item current_page_item\">\r\n\t\t\t\t\t\t\r\n\t\t\t\t\t\t<a href=\"\/ga\/burren\/about-us\/\">F\u00fainn<\/a>\r\n\t\t\t\t\t\t\r\n\t\t\t\t\t\t\t\t\t\t\t\t\t<div class=\"mb-0 px-4 pt-4 pb-lg-4 mx-0 park-subnav w-100\">\r\n\t\t\t\t\t\t\t\t\t\r\n\t\t\t\t\t\t\t\t\t\r\n\t\t\t\t\t\t\t\t\t<ul class=\"mb-4 mb-lg-0 px-2 mx-lg-4\">\r\n\t\t\t\t\t\t\t\t\t\t\r\n\t\t\t\t\t\t\t\t\t\t\t\t\t\t\t\t\t\t\t\t\t<li><span class=\"park-subnav-name w-100 px-2 mb-3\">Maidir linne<\/span><\/li>\r\n\t\t\t\t\t\t\t\t\t\t\t\t\t\t\t\t\t\t\t\t\r\n\t\t\t\t\t\t\t\t\t\t\t\t\t\t\t\t\t\t\t\t\t\t\t\t\t\t\t\t\t\t\t\t\t<li>\r\n\t\t\t\t\t\t\t\t\t\t\t\t\t<a class=\"px-2 py-2\" href=\"#history\">Stair na P\u00e1irce<\/a>\r\n\t\t\t\t\t\t\t\t\t\t\t\t<\/li>\r\n\t\t\t\t\t\t\t\t\t\t\t\t\t\t\t\t\t\t\t\t\t\t\t\t\t\t\t\t\t\t\t\r\n\t\t\t\t\t\t\t\t\t<\/ul>\r\n\t\t\t\t\t\t\t\t\t\r\n\t\t\t\t\t\t\t\t\t\r\n\t\t\t\t\t\t\t\t\t\r\n\t\t\t\t\t\t\t\t\t<ul class=\"mb-4 mb-lg-0 px-2 mx-lg-4\">\r\n\t\t\t\t\t\t\t\t\t\t\r\n\t\t\t\t\t\t\t\t\t\t\t\t\t\t\t\t\t\t\t\t\t<li><span class=\"park-subnav-name w-100 px-2 mb-3\">Naisc<\/span><\/li>\r\n\t\t\t\t\t\t\t\t\t\t\t\t\t\t\t\t\t\t\t\t\r\n\t\t\t\t\t\t\t\t\t\t\t\t\t\t\t\t\t\t\t\t\t\t\t\t\t\t\t\t\t\t\t\t\t<li>\r\n\t\t\t\t\t\t\t\t\t\t\t\t\t<a class=\"px-2 py-2\" href=\"#trails\">Conair\u00ed Bhoirne<\/a>\r\n\t\t\t\t\t\t\t\t\t\t\t\t<\/li>\r\n\t\t\t\t\t\t\t\t\t\t\t\t\t\t\t\t\t\t\t\t\t\t\t<li>\r\n\t\t\t\t\t\t\t\t\t\t\t\t\t<a class=\"px-2 py-2\" href=\"#habitats\">Gn\u00e1th\u00f3ga<\/a>\r\n\t\t\t\t\t\t\t\t\t\t\t\t<\/li>\r\n\t\t\t\t\t\t\t\t\t\t\t\t\t\t\t\t\t\t\t\t\t\t\t\t\t\t\t\t\t\t\t\r\n\t\t\t\t\t\t\t\t\t<\/ul>\r\n\t\t\t\t\t\t\t\t\t\r\n\t\t\t\t\t\t\t\t\t\t\t\t\t\t\t<\/div>\r\n\t\t\t\t\t\t\t\r\n\t\t\t\t\t\t\t\r\n\t\t\t\t\t\t\r\n\t\t\t\t\t<\/li>\r\n\t\t\t\t\t\t\t\t\r\n\t\t\t\t\t\t\t\t\t\t\r\n\t\t\t\t\t\r\n\t\t\t\t\t\r\n\t\t\t\t\t\r\n\t\t\t\t\t<li class=\"park-nav-item \">\r\n\t\t\t\t\t\t\r\n\t\t\t\t\t\t<a href=\"\/ga\/burren\/contact\/\">Teagmh\u00e1il<\/a>\r\n\t\t\t\t\t\t\r\n\t\t\t\t\t\t\t\r\n\t\t\t\t\t\t\r\n\t\t\t\t\t<\/li>\r\n\t\t\t\t\t\t\t\t\r\n\t\t\t\t\t\t\t\t\t\t\r\n\t\t\t\t\t\r\n\t\t\t\t\t\t\t\t<\/ul>\r\n\t\t\t\t\r\n\t\t\t\r\n\t\t<\/div>\r\n\t<\/div>\r\n<\/section>\n\n\r\n<a id=\"history\" style=\"\"><\/a>\r\n\r\n\r\n\n\n\r\n<section id=\"block_7d59329108885042bf41135c6a90f40d\" class=\"section-twocolumns py-4 py-lg-4 bg-color-purple-light color-black\" style=\"background-image:url(); \">\r\n\t\t\r\n\t\t<div class=\"container-fluid px-3 px-lg-5\">\r\n\t\t\t<div class=\"row\">\r\n\t\t\t\t<div class=\"col-12 section-twocolumns__title\">\r\n\t\t\t\t\t<h2 class=\"font-size-heading\">Stair na P\u00e1irce<\/h2>\r\n\t\t\t\t<\/div>\r\n\t\t\t<\/div>\t\r\n\t\t<\/div>\t\r\n\t\t<hr>\r\n\t\t<div class=\"d-flex flex-column\">\r\n\t\t\t<div class=\"container-fluid px-3 px-lg-5 section-twocolumns__text section-twocolumns__columns order-1\">\r\n\t\t\t<div class=\"row\">\r\n\t\t\t\t\t<div class=\"col-12 \">\r\n\t\t\t\t\t\t<div class=\"h4 font-family-naisiuntamedium\"><h3 class=\"h2\">Bhunaigh an st\u00e1t P\u00e1irc N\u00e1isi\u00fanta Bhoirne sa bhliain 1991 chun an d\u00falra caomhn\u00fa agus le go mbeadh teacht ag an bpobal ar an \u00e1it agus t\u00e1 s\u00ed ar an gc\u00faigi\u00fa P\u00e1irc N\u00e1isi\u00fanta is m\u00f3 in \u00c9irinn. C\u00e9 g\u00f3 s\u00edneann Boirinn f\u00e9in ar feadh thart ar 360 cilim\u00e9adar cearnach, t\u00e1 an ph\u00e1irc suite sa ch\u00fainne thoir theas den r\u00e9igi\u00fan agus cl\u00fada\u00edonn s\u00ed thart ar 2,000 heicte\u00e1r.<\/h3>\n<\/div>\r\n\t\t\t\t\t<\/div>\r\n\t\t\t<\/div>\r\n\t\t<\/div>\t\r\n\t\t\r\n\t \t\r\n\t<div class=\"container-fluid px-3 px-lg-5 section-twocolumns__columns order-2 \">\r\n\t\t<div class=\"row\">\r\n\t\t\t<div class=\"d-flex flex-column flex-lg-row\">\r\n\t\t\t\t<div class=\"col-12 col-lg-6  first-column\">\r\n\t\t\t\t\t<div style=\"padding: 0 0 0 1rem;\"><img loading=\"lazy\" decoding=\"async\" class=\"alignnone  wp-image-1993\" src=\"https:\/\/www.nationalparks.ie\/app\/uploads\/2022\/04\/Rectangle-87-279x300.png\" alt=\"T\u00edrdhreach Bhoirne\" width=\"540\" height=\"580\" srcset=\"https:\/\/www.nationalparks.ie\/app\/uploads\/2022\/04\/Rectangle-87-279x300.png 279w, https:\/\/www.nationalparks.ie\/app\/uploads\/2022\/04\/Rectangle-87.png 619w\" sizes=\"auto, (max-width: 540px) 100vw, 540px\" \/><\/div>\n\t\t\t\t<\/div>\r\n\t\t\t\t<div class=\"col-12 col-lg-6  mb-3 mb-lg-5 second-column\">\r\n\t\t\t\t\t<div style=\"padding: 0 1rem;\">\n<p class=\"pt-0 pt-lg-5\">Cuims\u00edonn an ph\u00e1irc 2\u20133% de Bhoirinn agus t\u00e1 sampla\u00ed de na gn\u00e1th\u00f3ga suntasacha ar fad inti: p\u00e1bh\u00e1il aolchloiche, f\u00e9arach cailcreach, scrobarnach choill, coillearnach fuinseoige\/choill, turlaigh, lochanna, fuar\u00e1in chlochraithe, aillte agus eanach.<\/p>\n<p>Foghlaim tuilleadh faoi mar is f\u00e9idir leat breathn\u00fa thart ar an bp\u00e1irc tr\u00edn\u00e1r      conair\u00ed, at\u00e1 leagtha amach chun braistint a thabhairt do chuairteoir\u00ed ar an t\u00edrdhreach ar leith, agus      a d\u00falra \u00e1 chosaint ag an am c\u00e9anna freisin tr\u00ed l\u00edon na gcuairteoir\u00ed i ngn\u00e1th\u00f3ga \u00edogaire i mBoirinn a dh\u00edspreagadh.<\/p>\n<p><a class=\"btn-01 btn-download color-black\" style=\"margin-top: 1em;\" href=\"https:\/\/www.nationalparks.ie\/app\/uploads\/2025\/11\/Environment-Policy-Statement-DHLGH-signed-copy.pdf\" target=\"_blank\" rel=\"noreferrer noopener\">R\u00e1iteas Polasa\u00ed ar an gComhshaol<\/a>\n<\/div>\n\t\t\t\t<\/div>\r\n\t\t\t<\/div>\r\n\t\t<\/div>\r\n\t<\/div>\r\n\t\t\r\n<\/section>\r\n\n\n\r\n<a id=\"habitats\" style=\"\"><\/a>\r\n\r\n\r\n\n\n\r\n<a id=\"trails\" style=\"\"><\/a>\r\n\r\n\r\n\n\n\r\n<section id=\"block_ff372f96aadf44a3d97a1f965379d788\" class=\"section-highlight-places bg-color-blue color-white\">\r\n\t<div class=\"container-fluid px-3 px-lg-5\">\r\n\t\t<div class=\"row\"><\/div>\r\n\t\t<div class=\"row\">\t\r\n\t\t\t\t\t\t\t\t\t\t\t\t<div class=\"col-12 col-md-6 section-highlight-places__place\">\r\n\t\t\t\t\t\t<div class=\"place__wrap\">\r\n\t\t\t\t\t\t\t<div class=\"place__title px-3 d-flex align-items-center\"><h3 class=\"h3 m-0\">Gn\u00e1th\u00f3ga<\/h3><\/div>\r\n\t\t\t\t\t\t\t<div class=\"d-flex align-items-end\" style=\"background-image:url(https:\/\/www.nationalparks.ie\/app\/uploads\/2022\/04\/Rectangle-5-1-4.png); background-position:center center; background-size:cover; min-height:350px;\">\r\n\t\t\t\t\t\t\t\t<a class=\"d-table mx-auto mb-4 btn-02-white border-radius-small color-white text-uppercase\" href=\"\/ga\/burren\/nature-conservation\/#habitats\">\r\n\t\t\t\t\t\t\t\t\tGN\u00c1TH\u00d3GA\t\t\t\t\t\t\t\t<\/a>\r\n\t\t\t\t\t\t\t<\/div>\r\n\t\t\t\t\t\t<\/div>\r\n\t\t\t\t\t<\/div>\r\n\t\t\t\t\t\t\t\t\t<div class=\"col-12 col-md-6 section-highlight-places__place\">\r\n\t\t\t\t\t\t<div class=\"place__wrap\">\r\n\t\t\t\t\t\t\t<div class=\"place__title px-3 d-flex align-items-center\"><h3 class=\"h3 m-0\">Conair\u00ed Bhoirne<\/h3><\/div>\r\n\t\t\t\t\t\t\t<div class=\"d-flex align-items-end\" style=\"background-image:url(https:\/\/www.nationalparks.ie\/app\/uploads\/2022\/04\/Rectangle-5-26.png); background-position:center center; background-size:cover; min-height:350px;\">\r\n\t\t\t\t\t\t\t\t<a class=\"d-table mx-auto mb-4 btn-02-white border-radius-small color-white text-uppercase\" href=\"\/ga\/burren\/things-to-do\/#trails\">\r\n\t\t\t\t\t\t\t\t\tCONAIR\u00cd\t\t\t\t\t\t\t\t<\/a>\r\n\t\t\t\t\t\t\t<\/div>\r\n\t\t\t\t\t\t<\/div>\r\n\t\t\t\t\t<\/div>\r\n\t\t\t\t\t\t\t\r\n\t\t<\/div>\r\n\t<\/div>\r\n<\/section>\n\n\n\n<section id=\"section-video-block_ee7995d9a026b2acbd96be9bba8fdbf2\" class=\"section-video d-flex justify-content-center\" style=\"margin-top:0;\">\n\t\n\t\t\t<div aria-hidden=\"true\" class=\"img-wrap\" style=\"width:100%; min-width:1280px; position:relative; height:420px; overflow:hidden; background-image:url(https:\/\/www.nationalparks.ie\/app\/uploads\/2022\/08\/Rectangle-6-1.png); background-size:cover;\"><\/div>\n\t<\/section>","protected":false},"excerpt":{"rendered":"","protected":false},"author":9,"featured_media":0,"parent":6117,"menu_order":3,"comment_status":"closed","ping_status":"closed","template":"","meta":{"_acf_changed":false,"_uag_custom_page_level_css":"","footnotes":""},"class_list":["post-6197","page","type-page","status-publish","hentry"],"acf":[],"yoast_head":"<!-- This site is optimized with the Yoast SEO plugin v27.3 - https:\/\/yoast.com\/product\/yoast-seo-wordpress\/ -->\n<title>Maidir linne - P\u00e1irc N\u00e1isi\u00fanta Bhoirne - National Parks of Ireland<\/title>\n<meta name=\"robots\" content=\"index, follow, max-snippet:-1, max-image-preview:large, max-video-preview:-1\" \/>\n<link rel=\"canonical\" href=\"https:\/\/www.nationalparks.ie\/ga\/burren\/about-us\/\" \/>\n<meta property=\"og:locale\" content=\"ga_IE\" \/>\n<meta property=\"og:type\" content=\"article\" \/>\n<meta property=\"og:title\" content=\"Maidir linne - P\u00e1irc N\u00e1isi\u00fanta Bhoirne - National Parks of Ireland\" \/>\n<meta property=\"og:url\" content=\"https:\/\/www.nationalparks.ie\/ga\/burren\/about-us\/\" \/>\n<meta property=\"og:site_name\" content=\"National Parks of Ireland\" \/>\n<meta property=\"article:modified_time\" content=\"2025-11-27T09:32:07+00:00\" \/>\n<meta name=\"twitter:card\" content=\"summary_large_image\" \/>\n<script type=\"application\/ld+json\" class=\"yoast-schema-graph\">{\"@context\":\"https:\\\/\\\/schema.org\",\"@graph\":[{\"@type\":\"WebPage\",\"@id\":\"https:\\\/\\\/www.nationalparks.ie\\\/ga\\\/burren\\\/about-us\\\/\",\"url\":\"https:\\\/\\\/www.nationalparks.ie\\\/ga\\\/burren\\\/about-us\\\/\",\"name\":\"Maidir linne - P\u00e1irc N\u00e1isi\u00fanta Bhoirne - National Parks of Ireland\",\"isPartOf\":{\"@id\":\"https:\\\/\\\/www.nationalparks.ie\\\/ga\\\/#website\"},\"datePublished\":\"2022-03-20T12:45:27+00:00\",\"dateModified\":\"2025-11-27T09:32:07+00:00\",\"breadcrumb\":{\"@id\":\"https:\\\/\\\/www.nationalparks.ie\\\/ga\\\/burren\\\/about-us\\\/#breadcrumb\"},\"inLanguage\":\"ga-IE\",\"potentialAction\":[{\"@type\":\"ReadAction\",\"target\":[\"https:\\\/\\\/www.nationalparks.ie\\\/ga\\\/burren\\\/about-us\\\/\"]}]},{\"@type\":\"BreadcrumbList\",\"@id\":\"https:\\\/\\\/www.nationalparks.ie\\\/ga\\\/burren\\\/about-us\\\/#breadcrumb\",\"itemListElement\":[{\"@type\":\"ListItem\",\"position\":1,\"name\":\"Home\",\"item\":\"https:\\\/\\\/www.nationalparks.ie\\\/ga\\\/\"},{\"@type\":\"ListItem\",\"position\":2,\"name\":\"Bhoirne\",\"item\":\"https:\\\/\\\/www.nationalparks.ie\\\/ga\\\/burren\\\/\"},{\"@type\":\"ListItem\",\"position\":3,\"name\":\"Maidir linne\"}]},{\"@type\":\"WebSite\",\"@id\":\"https:\\\/\\\/www.nationalparks.ie\\\/ga\\\/#website\",\"url\":\"https:\\\/\\\/www.nationalparks.ie\\\/ga\\\/\",\"name\":\"National Parks of Ireland\",\"description\":\"Where Nature Speaks\",\"publisher\":{\"@id\":\"https:\\\/\\\/www.nationalparks.ie\\\/ga\\\/#organization\"},\"potentialAction\":[{\"@type\":\"SearchAction\",\"target\":{\"@type\":\"EntryPoint\",\"urlTemplate\":\"https:\\\/\\\/www.nationalparks.ie\\\/ga\\\/?s={search_term_string}\"},\"query-input\":{\"@type\":\"PropertyValueSpecification\",\"valueRequired\":true,\"valueName\":\"search_term_string\"}}],\"inLanguage\":\"ga-IE\"},{\"@type\":\"Organization\",\"@id\":\"https:\\\/\\\/www.nationalparks.ie\\\/ga\\\/#organization\",\"name\":\"National Parks of Ireland\",\"url\":\"https:\\\/\\\/www.nationalparks.ie\\\/ga\\\/\",\"logo\":{\"@type\":\"ImageObject\",\"inLanguage\":\"ga-IE\",\"@id\":\"https:\\\/\\\/www.nationalparks.ie\\\/ga\\\/#\\\/schema\\\/logo\\\/image\\\/\",\"url\":\"https:\\\/\\\/www.nationalparks.ie\\\/app\\\/uploads\\\/2022\\\/02\\\/np-logo-icon.png\",\"contentUrl\":\"https:\\\/\\\/www.nationalparks.ie\\\/app\\\/uploads\\\/2022\\\/02\\\/np-logo-icon.png\",\"width\":97,\"height\":90,\"caption\":\"National Parks of Ireland\"},\"image\":{\"@id\":\"https:\\\/\\\/www.nationalparks.ie\\\/ga\\\/#\\\/schema\\\/logo\\\/image\\\/\"}}]}<\/script>\n<!-- \/ Yoast SEO plugin. -->","yoast_head_json":{"title":"Maidir linne - P\u00e1irc N\u00e1isi\u00fanta Bhoirne - National Parks of Ireland","robots":{"index":"index","follow":"follow","max-snippet":"max-snippet:-1","max-image-preview":"max-image-preview:large","max-video-preview":"max-video-preview:-1"},"canonical":"https:\/\/www.nationalparks.ie\/ga\/burren\/about-us\/","og_locale":"ga_IE","og_type":"article","og_title":"Maidir linne - P\u00e1irc N\u00e1isi\u00fanta Bhoirne - National Parks of Ireland","og_url":"https:\/\/www.nationalparks.ie\/ga\/burren\/about-us\/","og_site_name":"National Parks of Ireland","article_modified_time":"2025-11-27T09:32:07+00:00","twitter_card":"summary_large_image","schema":{"@context":"https:\/\/schema.org","@graph":[{"@type":"WebPage","@id":"https:\/\/www.nationalparks.ie\/ga\/burren\/about-us\/","url":"https:\/\/www.nationalparks.ie\/ga\/burren\/about-us\/","name":"Maidir linne - P\u00e1irc N\u00e1isi\u00fanta Bhoirne - National Parks of Ireland","isPartOf":{"@id":"https:\/\/www.nationalparks.ie\/ga\/#website"},"datePublished":"2022-03-20T12:45:27+00:00","dateModified":"2025-11-27T09:32:07+00:00","breadcrumb":{"@id":"https:\/\/www.nationalparks.ie\/ga\/burren\/about-us\/#breadcrumb"},"inLanguage":"ga-IE","potentialAction":[{"@type":"ReadAction","target":["https:\/\/www.nationalparks.ie\/ga\/burren\/about-us\/"]}]},{"@type":"BreadcrumbList","@id":"https:\/\/www.nationalparks.ie\/ga\/burren\/about-us\/#breadcrumb","itemListElement":[{"@type":"ListItem","position":1,"name":"Home","item":"https:\/\/www.nationalparks.ie\/ga\/"},{"@type":"ListItem","position":2,"name":"Bhoirne","item":"https:\/\/www.nationalparks.ie\/ga\/burren\/"},{"@type":"ListItem","position":3,"name":"Maidir linne"}]},{"@type":"WebSite","@id":"https:\/\/www.nationalparks.ie\/ga\/#website","url":"https:\/\/www.nationalparks.ie\/ga\/","name":"National Parks of Ireland","description":"Where Nature Speaks","publisher":{"@id":"https:\/\/www.nationalparks.ie\/ga\/#organization"},"potentialAction":[{"@type":"SearchAction","target":{"@type":"EntryPoint","urlTemplate":"https:\/\/www.nationalparks.ie\/ga\/?s={search_term_string}"},"query-input":{"@type":"PropertyValueSpecification","valueRequired":true,"valueName":"search_term_string"}}],"inLanguage":"ga-IE"},{"@type":"Organization","@id":"https:\/\/www.nationalparks.ie\/ga\/#organization","name":"National Parks of Ireland","url":"https:\/\/www.nationalparks.ie\/ga\/","logo":{"@type":"ImageObject","inLanguage":"ga-IE","@id":"https:\/\/www.nationalparks.ie\/ga\/#\/schema\/logo\/image\/","url":"https:\/\/www.nationalparks.ie\/app\/uploads\/2022\/02\/np-logo-icon.png","contentUrl":"https:\/\/www.nationalparks.ie\/app\/uploads\/2022\/02\/np-logo-icon.png","width":97,"height":90,"caption":"National Parks of Ireland"},"image":{"@id":"https:\/\/www.nationalparks.ie\/ga\/#\/schema\/logo\/image\/"}}]}},"spectra_custom_meta":{"_yoast_wpseo_estimated-reading-time-minutes":["0"],"_wpml_word_count":["2"],"_wpml_media_featured":["1"],"_wpml_media_duplicate":["0"],"_edit_last":["11"],"_wp_page_template":[""],"_edit_lock":["1764235852:11"],"_yoast_wpseo_wordproof_timestamp":[""],"cmplz_hide_cookiebanner":[""],"_top_nav_excluded":[""],"_cms_nav_minihome":[""],"_yoast_wpseo_title":["%%title%% %%page%% %%sep%% P\u00e1irc N\u00e1isi\u00fanta Bhoirne %%sep%% %%sitename%%"],"_last_translation_edit_mode":["native-editor"],"_tribe_ticket_capacity":["0"],"_tribe_ticket_version":["5.21.1"],"_uag_custom_page_level_css":[""],"footnotes":[""],"_yoast_wpseo_content_score":["90"],"_uag_css_file_name":["uag-css-6197.css"],"_uag_page_assets":["a:9:{s:3:\"css\";s:263:\".uag-blocks-common-selector{z-index:var(--z-index-desktop) !important}@media (max-width: 976px){.uag-blocks-common-selector{z-index:var(--z-index-tablet) !important}}@media (max-width: 767px){.uag-blocks-common-selector{z-index:var(--z-index-mobile) !important}}\n\";s:2:\"js\";s:0:\"\";s:18:\"current_block_list\";a:13:{i:0;s:22:\"acf\/park---hero-banner\";i:1;s:28:\"acf\/park---anchor-navigation\";i:2;s:27:\"acf\/park--block-anchor-link\";i:3;s:22:\"acf\/park---two-columns\";i:4;s:27:\"acf\/park---highlight-places\";i:5;s:32:\"acf\/all-parks---background-video\";i:6;s:11:\"core\/search\";i:7;s:10:\"core\/group\";i:8;s:12:\"core\/heading\";i:9;s:17:\"core\/latest-posts\";i:10;s:20:\"core\/latest-comments\";i:11;s:13:\"core\/archives\";i:12;s:15:\"core\/categories\";}s:8:\"uag_flag\";b:0;s:11:\"uag_version\";s:10:\"1775640076\";s:6:\"gfonts\";a:0:{}s:10:\"gfonts_url\";s:0:\"\";s:12:\"gfonts_files\";a:0:{}s:14:\"uag_faq_layout\";b:0;}"]},"uagb_featured_image_src":{"full":false,"thumbnail":false,"medium":false,"medium_large":false,"large":false,"1536x1536":false,"2048x2048":false,"gform-image-choice-sm":false,"gform-image-choice-md":false,"gform-image-choice-lg":false},"uagb_author_info":{"display_name":"Burren National Park","author_link":"https:\/\/www.nationalparks.ie\/ga\/author\/burren\/"},"uagb_comment_info":0,"uagb_excerpt":null,"_links":{"self":[{"href":"https:\/\/www.nationalparks.ie\/ga\/wp-json\/wp\/v2\/pages\/6197","targetHints":{"allow":["GET"]}}],"collection":[{"href":"https:\/\/www.nationalparks.ie\/ga\/wp-json\/wp\/v2\/pages"}],"about":[{"href":"https:\/\/www.nationalparks.ie\/ga\/wp-json\/wp\/v2\/types\/page"}],"author":[{"embeddable":true,"href":"https:\/\/www.nationalparks.ie\/ga\/wp-json\/wp\/v2\/users\/9"}],"replies":[{"embeddable":true,"href":"https:\/\/www.nationalparks.ie\/ga\/wp-json\/wp\/v2\/comments?post=6197"}],"version-history":[{"count":34,"href":"https:\/\/www.nationalparks.ie\/ga\/wp-json\/wp\/v2\/pages\/6197\/revisions"}],"predecessor-version":[{"id":26327,"href":"https:\/\/www.nationalparks.ie\/ga\/wp-json\/wp\/v2\/pages\/6197\/revisions\/26327"}],"up":[{"embeddable":true,"href":"https:\/\/www.nationalparks.ie\/ga\/wp-json\/wp\/v2\/pages\/6117"}],"wp:attachment":[{"href":"https:\/\/www.nationalparks.ie\/ga\/wp-json\/wp\/v2\/media?parent=6197"}],"curies":[{"name":"wp","href":"https:\/\/api.w.org\/{rel}","templated":true}]}}